{"id":18,"date":"2009-08-02T21:27:40","date_gmt":"2009-08-02T19:27:40","guid":{"rendered":"http:\/\/cubica.dk\/?page_id=18"},"modified":"2023-10-27T16:06:13","modified_gmt":"2023-10-27T14:06:13","slug":"om-os-kontakt","status":"publish","type":"page","link":"https:\/\/www.cubica.dk\/?page_id=18","title":{"rendered":"Om Cubica"},"content":{"rendered":"<h2 style=\"text-align: center;\">Hej <span style=\"color: #ffcc00;\">med dig!<\/span><\/h2>\n<p style=\"text-align: center;\"><span style=\"font-size: 16px;\">Dejligt at se dig.<\/span><\/p>\n<p>&nbsp; <div class=\"row \"><div class=\"col-sm-6 col-lg-6 col-md-6 \"><span style=\"font-size: 16px;\">Vi driver en r\u00e6kke onlineforretninger prim\u00e6rt med egenudviklede produkter. Vi har arbejdet med nettet, ehandel og design siden sidst i 90\u2032erne og har hands-on erfaringer med alle discipliner.<\/span><\/p>\n<p>Cubica er ejet af \u00e6gteparret Karsten Gudiksen og Anni Gudiksen og har eksisteret siden 2007. Der startede vi Dimaria Wallstickers og siden er det blevet til flere firmaer i vores portef\u00f8lje. F\u00f8r vi startede DiMaria designede vi boligtilbeh\u00f8r for forskellige danske livsstilsbrands. De fleste brands f\u00e5r lavet deres produkter i \u00d8sten, og vi s\u00e5 gang p\u00e5 gang hvordan produktion i \u00d8sten gav problemer for producenterne. Det var en langsommelig proces med utallige prototypeforslag, forsinkelser i produktionen, fejlbeh\u00e6ftede produkter der lander i hele containere, og evindelige kompromiser mellem design, produktion og salg, der alle har forskellige synspunkter at k\u00e6mpe for. Vi s\u00e5 ogs\u00e5 gang p\u00e5 gang, at de sjove produkter blev forkastet, da producenter kun t\u00f8r satse p\u00e5 det helt sikre, n\u00e5r der skal bestilles 40 fods containere hjem af de forskellige designs.<\/p>\n<p>De erfaringer vi gjorde os i \u00e5rene med design for andre, gav anledning til at t\u00e6nke, om det ikke kunne g\u00f8res lidt sjovere, og her blev DiMaria s\u00e5 f\u00f8dt. Vi ville gerne designe, producere og s\u00e6lge vores designs selv, og vi fandt s\u00e5 ud af, at wallstickers var det vi skulle lave. Her kunne vi kombinere grafisk design med egenproduktion og de er fantastiske at s\u00e6lge online. De er nemlig nemmere at pr\u00e6sentere online end i fysiske forretninger. Det blev en overnight succes. Vi fremstillede selv vores wallstickers og gjorde det f\u00f8rst, n\u00e5r designet var solgt. Dvs. vi havde intet lager, men k\u00f8rte udelukkende produktion on demand. Men stadig med dag-til-dag levering direkte til slutbrugeren. Det startede alts\u00e5 med wallstickers. Den \u00e6ra er slut og vi valgte at lukke Dimaria i 2019. Fokus er skiftet.<\/div><div class=\"col-sm-6 col-lg-6 col-md-6 \">\n<p>&nbsp;<\/p>\n<p>&nbsp;<\/p>\n<p>Vi startede i 2009 plakatbutikken Aurea.dk. Her s\u00e6lger vi udelukkende designs vi enten selv har designet, eller har k\u00f8bt rettighederne til. Vi har egenproduktion af alle plakater og har godt 3.000 plakater i sortimentet.<\/p>\n<p>I for\u00e5ret 2012 k\u00f8bte vi BOXdeLUX.dk for at f\u00e5 en endnu bedre platform til at n\u00e5 bredere ud med vores produkter. BOXdeLUX er en livsstilsbutik med fokus p\u00e5 opbevaring og her kombinerer vi salg af produkter fra andre leverand\u00f8rer og salg af vores egne designs.<\/p>\n<p>Vores niche er opbevaring og designprodukter. Vi forhandler varer fra leverand\u00f8rer i ind- og udland, som er valgt fordi de laver ting i en ordentlig kvalitet og i et l\u00e6kkert design. Vi har ogs\u00e5 et stort udvalg af boligtilbeh\u00f8r til dig, der godt kan lide den personlige indretning. Vi kigger ikke p\u00e5 hvilket m\u00e6rke et produkt er. Vi kigger udelukkende p\u00e5 produktets udtryk, funktionalitet og kvalitet og om det har personlighed, n\u00e5r vi bestemmer, om det skal i butikken eller ej. Vi finder de fleste leverand\u00f8rer i udlandet, og har derfor et meget unikt sortiment.<\/p>\n<p>Det der adskiller os fra mange andre webshops er at vi har mange designserier i vores eget design, der udelukkende s\u00e6lges p\u00e5 BOXdeLUX.dk. Vi har udviklet vores egne langtidsholdbare brands der udelukkende kan k\u00f8bes hos os. Det sp\u00e6nder fra akryl over plakater til designl\u00e6kkerier i st\u00e5l. Der kommer konstant nye designs og serier. <span style=\"font-size: 16px; color: #000000;\">Velkommen til CUBICA<\/span><\/div><\/div> &nbsp; &nbsp; <hr class=\"dotted\" >\n<hr class=\"dotted\" >\n<div class=\"row \"><div class=\"col-sm-6 col-lg-4 col-md-4 \">\n<h2><img loading=\"lazy\" decoding=\"async\" class=\"size-full wp-image-7065 alignnone\" src=\"http:\/\/cubica.dk\/wp-content\/uploads\/2009\/08\/cubica-mini.jpg\" alt=\"\" width=\"284\" height=\"185\">CUBICA aps<\/h2>\n<p>Hjarb\u00e6kvej 65<br \/>\n8831 L\u00f8gstrup<br \/>\nDenmark<\/p>\n<p>CVR: 41819472<\/p>\n<p>Bank: Ringkj\u00f8bing Landbobank<br \/>\n<\/div><div class=\"col-sm-6 col-lg-4 col-md-4 \">\n<h2>Karsten Gudiksen<\/h2>\n<h6><a href=\"http:\/\/cubica.dk\/karsten-gudiksen\/\">L\u00e6s mere om Karsten her&#8230;<\/a><\/h6>\n<p>Email: <a href=\"mailto:kg@cubica.dk\">kg@cubica.dk<\/a><\/p>\n<p>Hangout: kgudiksen@gmail.com<br \/>\nSkype: karstengudiksen<\/p>\n<\/div><div class=\"col-sm-6 col-lg-4 col-md-4 \">\n<h2>Anni Gudiksen<\/h2>\n<h6><a href=\"http:\/\/cubica.dk\/anni-gudiksen\/\">L\u00e6s mere om Anni her&#8230;<\/a><\/h6>\n<p>Email: <a href=\"mailto:ag@cubica.dk\">ag@cubica.dk<\/a><\/div><\/div>\n<hr class=\"dotted\" >\n            <\/div>\r\n        \r\n    <section class=\"gravity-section\" style=\"padding-top:100px;padding-bottom:100px;\">\r\n                    <div class=\"gravity-section-background\" data-stellar-ratio=\"0.5\" style=\"background-color: #ffffff;\">\r\n            <\/div>\r\n            <div class=\"background-overlay\" style=\"background-color: #000; opacity: 0.7;\">\r\n        <\/div>            \r\n        \r\n\n<hr class=\"dotted\" >\n<div class=\"gravity-section-content\"><div class=\"container\"><h2 style=\"text-align: center;\"><span style=\"color: #ffffff;\">Nogle af vores&nbsp;<\/span><span style=\"color: #ffcc00;\">samarbejdspartnere<\/span><\/h2>\n<hr class=\"dotted double\" style=\"width:7%;\">\n<p style=\"text-align: center;\"><span style=\"color: #c0c0c0;\">Et lille udvalg af vores gode samarbejdspartnere.<\/span><\/p>\n<div class=\"row \"><div class=\"col-sm-6 col-lg-2 col-md-2 \"><a style=\"color: #ffcc00;\"><img loading=\"lazy\" decoding=\"async\" class=\"alignnone wp-image-2113 size-medium\" src=\"http:\/\/cubica.dk\/wp-content\/uploads\/2009\/08\/samarbejde-bloomingville.png\" alt=\"logo-1\" width=\"300\" height=\"300\"><\/div><div class=\"col-sm-6 col-lg-2 col-md-2 \"><img loading=\"lazy\" decoding=\"async\" class=\"alignnone size-medium wp-image-2115\" src=\"http:\/\/cubica.dk\/wp-content\/uploads\/2009\/08\/samarbejde-housedoctor.png\" alt=\"logo-2\" width=\"300\" height=\"300\"><\/div><div class=\"col-sm-6 col-lg-2 col-md-2 \"><img loading=\"lazy\" decoding=\"async\" class=\"alignnone size-medium wp-image-2116\" src=\"http:\/\/cubica.dk\/wp-content\/uploads\/2009\/08\/samarbejde-hubsch.png\" alt=\"logo-3\" width=\"300\" height=\"300\"><\/div><div class=\"col-sm-6 col-lg-2 col-md-2 \"><img loading=\"lazy\" decoding=\"async\" class=\"alignnone size-medium wp-image-2117\" src=\"http:\/\/cubica.dk\/wp-content\/uploads\/2009\/08\/samarbejde-naga.png\" alt=\"logo-4\" width=\"300\" height=\"300\"><\/div><div class=\"col-sm-6 col-lg-2 col-md-2 \"><img loading=\"lazy\" decoding=\"async\" class=\"alignnone size-medium wp-image-2118\" src=\"http:\/\/cubica.dk\/wp-content\/uploads\/2009\/08\/samarbejde-roomcopenhagen.png\" alt=\"logo-5\" width=\"300\" height=\"300\"><\/div><div class=\"col-sm-6 col-lg-2 col-md-2 \"><img loading=\"lazy\" decoding=\"async\" class=\"alignnone size-medium wp-image-2119\" src=\"http:\/\/cubica.dk\/wp-content\/uploads\/2009\/08\/samarbejde-derrierelaporte.png\" alt=\"logo-6\" width=\"300\" height=\"300\"><\/div><\/div>\n<\/div><\/div>\n                        \r\n    <\/section><!-- .gravity-section -->\r\n            <div class=\"container\">\r\n            \r\n<\/a><\/p>\n<hr class=\"dotted\" >\n<p><iframe loading=\"lazy\" src=\"http:\/\/maps.google.dk\/maps?f=q&amp;source=embed&amp;hl=da&amp;q=cubica&amp;aq=&amp;sll=56.506175,9.327626&amp;sspn=0.001165,0.002505&amp;vpsrc=6&amp;ie=UTF8&amp;t=h&amp;st=102148687874368581149&amp;rq=1&amp;ev=p&amp;split=1&amp;radius=0.06&amp;hq=cubica&amp;hnear=&amp;ll=50.708634,21.467285&amp;spn=0.000003,0.002505&amp;layer=c&amp;cbll=56.506294,9.326705&amp;panoid=EAaiIrdataRZWAuMbYHO1A&amp;cbp=12,78.04,,0,0.63&amp;output=svembed\" width=\"930\" height=\"580\" frameborder=\"0\" marginwidth=\"0\" marginheight=\"0\" scrolling=\"no\"><\/iframe><br \/>\n<small><a style=\"color: #0000ff; text-align: left;\" href=\"http:\/\/maps.google.dk\/maps?f=q&amp;source=embed&amp;hl=da&amp;q=cubica&amp;aq=&amp;sll=56.506175,9.327626&amp;sspn=0.001165,0.002505&amp;vpsrc=6&amp;ie=UTF8&amp;t=h&amp;st=102148687874368581149&amp;rq=1&amp;ev=p&amp;split=1&amp;radius=0.06&amp;hq=cubica&amp;hnear=&amp;ll=50.708634,21.467285&amp;spn=0.000003,0.002505&amp;layer=c&amp;cbll=56.506294,9.326705&amp;panoid=EAaiIrdataRZWAuMbYHO1A&amp;cbp=12,78.04,,0,0.63\">Vis stort kort<\/a><\/small><\/p>\n","protected":false},"excerpt":{"rendered":"<p>Hej med dig! Dejligt at se dig. &nbsp; &nbsp; &nbsp; &nbsp; Vis stort kort<\/p>\n","protected":false},"author":1,"featured_media":0,"parent":0,"menu_order":0,"comment_status":"open","ping_status":"open","template":"","meta":{"om_disable_all_campaigns":false,"_monsterinsights_skip_tracking":false,"_monsterinsights_sitenote_active":false,"_monsterinsights_sitenote_note":"","_monsterinsights_sitenote_category":0,"ngg_post_thumbnail":0,"footnotes":""},"class_list":["post-18","page","type-page","status-publish","hentry"],"aioseo_notices":[],"_links":{"self":[{"href":"https:\/\/www.cubica.dk\/index.php?rest_route=\/wp\/v2\/pages\/18","targetHints":{"allow":["GET"]}}],"collection":[{"href":"https:\/\/www.cubica.dk\/index.php?rest_route=\/wp\/v2\/pages"}],"about":[{"href":"https:\/\/www.cubica.dk\/index.php?rest_route=\/wp\/v2\/types\/page"}],"author":[{"embeddable":true,"href":"https:\/\/www.cubica.dk\/index.php?rest_route=\/wp\/v2\/users\/1"}],"replies":[{"embeddable":true,"href":"https:\/\/www.cubica.dk\/index.php?rest_route=%2Fwp%2Fv2%2Fcomments&post=18"}],"version-history":[{"count":187,"href":"https:\/\/www.cubica.dk\/index.php?rest_route=\/wp\/v2\/pages\/18\/revisions"}],"predecessor-version":[{"id":7723,"href":"https:\/\/www.cubica.dk\/index.php?rest_route=\/wp\/v2\/pages\/18\/revisions\/7723"}],"wp:attachment":[{"href":"https:\/\/www.cubica.dk\/index.php?rest_route=%2Fwp%2Fv2%2Fmedia&parent=18"}],"curies":[{"name":"wp","href":"https:\/\/api.w.org\/{rel}","templated":true}]}}