{"id":2497,"date":"2014-06-24T16:28:42","date_gmt":"2014-06-24T16:28:42","guid":{"rendered":"http:\/\/thegravity.net\/novalumen\/?page_id=2480"},"modified":"2021-05-23T09:05:55","modified_gmt":"2021-05-23T07:05:55","slug":"home","status":"publish","type":"page","link":"https:\/\/www.cubica.dk\/","title":{"rendered":"Cubica forside"},"content":{"rendered":"<h3 style=\"text-align: center;\"><span style=\"color: #f96f6c;\">DESIGN <\/span> | EHANDEL<\/h3>\n<hr class=\"dotted double\" style=\"width:7%;\">\n<p>&nbsp;<\/p>\n<div class=\"row \"><div class=\"col-sm-6 col-lg-4 col-md-4 \">    <div class=\"icon-box \">\r\n        <header>\r\n            <div class=\"icon\"><i class=\"fa fa-cloud\" style=\"color: #f96f6c;\"><\/i><\/div>\r\n            <h3 class=\"title\">Design som drivkraft<\/h3>\r\n        <\/header>\r\n        <div class=\"content\">\r\n            <p>Omdrejningspunktet for vores virksomheder er design. Vi elsker selv de ting vi s\u00e6lger.<\/p>\n        <\/div>\r\n    <\/div>\r\n<\/div><div class=\"col-sm-6 col-lg-4 col-md-4 \">    <div class=\"icon-box \">\r\n        <header>\r\n            <div class=\"icon\"><i class=\"fa fa-asterisk\" style=\"color: #f96f6c;\"><\/i><\/div>\r\n            <h3 class=\"title\">Ehandel<\/h3>\r\n        <\/header>\r\n        <div class=\"content\">\r\n            <p>Vi har drevet ehandel siden 1999, og har kontinuerligt udvidet vores viden og gjort brug af vores erfaringer.<\/p>\n        <\/div>\r\n    <\/div>\r\n<\/div><div class=\"col-sm-6 col-lg-4 col-md-4 \">    <div class=\"icon-box \">\r\n        <header>\r\n            <div class=\"icon\"><i class=\"fa fa-heart\" style=\"color: #f96f6c;\"><\/i><\/div>\r\n            <h3 class=\"title\">D2C<\/h3>\r\n        <\/header>\r\n        <div class=\"content\">\r\n            <p>Vores prim\u00e6re fokus er p\u00e5 Direct-to-consumer-handel. Alts\u00e5 direkte fra brand til slutbruger. Det er vi virkelig gode til.<\/p>\n        <\/div>\r\n    <\/div>\r\n<\/div><\/div>\n<div class=\"row \"><div class=\"col-sm-6 col-lg-4 col-md-4 \">    <div class=\"icon-box \">\r\n        <header>\r\n            <div class=\"icon\"><i class=\"fa fa-comment\" style=\"color: # f96f6c;\"><\/i><\/div>\r\n            <h3 class=\"title\">Sublim kundeservice<\/h3>\r\n        <\/header>\r\n        <div class=\"content\">\r\n            <p>Vi har altid v\u00e6ret kendt for vores sublime kundeservice. Og det vil blive ved med.<\/p>\n        <\/div>\r\n    <\/div>\r\n<\/div><div class=\"col-sm-6 col-lg-4 col-md-4 \">    <div class=\"icon-box \">\r\n        <header>\r\n            <div class=\"icon\"><i class=\"fa fa-cog\" style=\"color: # f96f6c;\"><\/i><\/div>\r\n            <h3 class=\"title\">Produktion<\/h3>\r\n        <\/header>\r\n        <div class=\"content\">\r\n            <p> Mange af de varer vi selv designer, fremstiller vi ogs\u00e5 in-house. Resten bliver lavet hos underleverand\u00f8rer &#8211; alt sammen i EU. <\/p>\n        <\/div>\r\n    <\/div>\r\n<\/div><div class=\"col-sm-6 col-lg-4 col-md-4 \">    <div class=\"icon-box \">\r\n        <header>\r\n            <div class=\"icon\"><i class=\"fa fa-leaf\" style=\"color: # f96f6c;\"><\/i><\/div>\r\n            <h3 class=\"title\">Fingeren p\u00e5 pulsen<\/h3>\r\n        <\/header>\r\n        <div class=\"content\">\r\n            <p>Med mere end 20 \u00e5rs erfaring fra designbranchen er vi gode til at spotte trends og tendenser i god tid.<\/p>\n        <\/div>\r\n    <\/div>\r\n<\/div><\/div>\n<p>&nbsp;<\/p>\n<hr class=\"dotted\" >\n<p>&nbsp;<\/p>\n<h3 style=\"text-align: center;\">Dette er <span style=\"color: # f96f6c;\">vores brands<\/span><\/h3>\n<hr class=\"dotted double\" style=\"width:7%;\">\n&nbsp;<\/p>\n            <\/div>\r\n        \r\n    <section class=\"gravity-section\" >\r\n                    <div class=\"gravity-section-background\"  style=\"background-color: #ffffff;\">\r\n            <\/div>\r\n        \r\n<div class=\"gravity-section-content\"><div class=\"gravity-grid\"><div class=\"row isotope-grid grid-gutter-non\"><div class=\"col-sm-6 col-lg-3 col-md-3 grid-item\">                \r\n    <article id=\"post-7662\" class=\"gravity-portfolio-grid caption-style-1 post grayscale post-7662 portfolio type-portfolio status-publish hentry taxonomy_portfolio_category-design\">\r\n        <figure>\r\n            <img loading=\"lazy\" decoding=\"async\" src=\"https:\/\/www.cubica.dk\/wp-content\/uploads\/2021\/05\/kamelia.jpg\" width=\"263\" height=\"263\" \/>                            <div class=\"overlay\"><\/div>\r\n                                    <figcaption>\r\n                <div class=\"grid-item-caption\">\r\n                    <h3 class=\"title\"><a href=\"https:\/\/www.cubica.dk\/?portfolio=kamelia\">Kamelia<\/a><\/h3>\r\n                                    <\/div>\r\n            <\/figcaption>\r\n            <a class=\"expand gravity-fancybox\" href=\"https:\/\/www.cubica.dk\/wp-content\/uploads\/2021\/05\/kamelia.jpg\" data-fancybox-group=\"gallery\"><i class=\"gr gr-expand\"><\/i><\/a>\r\n        <\/figure>\r\n    <\/article>    \r\n<\/div><div class=\"col-sm-6 col-lg-3 col-md-3 grid-item\">                \r\n    <article id=\"post-7660\" class=\"gravity-portfolio-grid caption-style-1 post grayscale post-7660 portfolio type-portfolio status-publish hentry taxonomy_portfolio_category-design\">\r\n        <figure>\r\n            <img loading=\"lazy\" decoding=\"async\" src=\"https:\/\/www.cubica.dk\/wp-content\/uploads\/2021\/05\/looknorth-logo.jpg\" width=\"263\" height=\"263\" \/>                            <div class=\"overlay\"><\/div>\r\n                                    <figcaption>\r\n                <div class=\"grid-item-caption\">\r\n                    <h3 class=\"title\"><a href=\"https:\/\/www.cubica.dk\/?portfolio=looknorth\">LookNorth<\/a><\/h3>\r\n                                    <\/div>\r\n            <\/figcaption>\r\n            <a class=\"expand gravity-fancybox\" href=\"https:\/\/www.cubica.dk\/wp-content\/uploads\/2021\/05\/looknorth-logo.jpg\" data-fancybox-group=\"gallery\"><i class=\"gr gr-expand\"><\/i><\/a>\r\n        <\/figure>\r\n    <\/article>    \r\n<\/div><div class=\"col-sm-6 col-lg-3 col-md-3 grid-item\">                \r\n    <article id=\"post-7658\" class=\"gravity-portfolio-grid caption-style-1 post grayscale post-7658 portfolio type-portfolio status-publish hentry tag-design-2 tag-egetrae taxonomy_portfolio_category-design\">\r\n        <figure>\r\n            <img loading=\"lazy\" decoding=\"async\" src=\"https:\/\/www.cubica.dk\/wp-content\/uploads\/2021\/05\/yoshi-logo.jpg\" width=\"263\" height=\"263\" \/>                            <div class=\"overlay\"><\/div>\r\n                                    <figcaption>\r\n                <div class=\"grid-item-caption\">\r\n                    <h3 class=\"title\"><a href=\"https:\/\/www.cubica.dk\/?portfolio=yoshi\">Yoshi<\/a><\/h3>\r\n                                            <div class=\"tags\">design, egetr\u00e6<\/div>\r\n                                    <\/div>\r\n            <\/figcaption>\r\n            <a class=\"expand gravity-fancybox\" href=\"https:\/\/www.cubica.dk\/wp-content\/uploads\/2021\/05\/yoshi-logo.jpg\" data-fancybox-group=\"gallery\"><i class=\"gr gr-expand\"><\/i><\/a>\r\n        <\/figure>\r\n    <\/article>    \r\n<\/div><div class=\"col-sm-6 col-lg-3 col-md-3 grid-item\">                \r\n    <article id=\"post-7642\" class=\"gravity-portfolio-grid caption-style-1 post grayscale post-7642 portfolio type-portfolio status-publish hentry tag-design-2 tag-egetrae taxonomy_portfolio_category-design\">\r\n        <figure>\r\n            <img loading=\"lazy\" decoding=\"async\" src=\"https:\/\/www.cubica.dk\/wp-content\/uploads\/2020\/02\/logo-siena.jpg\" width=\"263\" height=\"263\" \/>                            <div class=\"overlay\"><\/div>\r\n                                    <figcaption>\r\n                <div class=\"grid-item-caption\">\r\n                    <h3 class=\"title\"><a href=\"https:\/\/www.cubica.dk\/?portfolio=siena-egetrae\">Siena egetr\u00e6<\/a><\/h3>\r\n                                            <div class=\"tags\">design, egetr\u00e6<\/div>\r\n                                    <\/div>\r\n            <\/figcaption>\r\n            <a class=\"expand gravity-fancybox\" href=\"https:\/\/www.cubica.dk\/wp-content\/uploads\/2020\/02\/logo-siena.jpg\" data-fancybox-group=\"gallery\"><i class=\"gr gr-expand\"><\/i><\/a>\r\n        <\/figure>\r\n    <\/article>    \r\n<\/div><\/div><\/div>\n<\/div>\n                        \r\n    <\/section><!-- .gravity-section -->\r\n            <div class=\"container\">\r\n            \r\n            <\/div>\r\n        \r\n    <section class=\"gravity-section\" >\r\n                    <div class=\"container\" style=\"padding-top:40px;padding-bottom:20px;\">\r\n                    <div class=\"gravity-section-background\"  style=\"background-color: #ffffff;\">\r\n            <\/div>\r\n        \r\n<div class=\"gravity-section-content\"><div class=\"container\"><p style=\"text-align: center;\"><a target=\"_self\" href=\"https:\/\/cubica.dk\/home\/portfolio\/\" class=\"btn btn-theme \">Se alle brands<\/a>\n<\/div><\/div>\n                    <\/div>\r\n                        \r\n    <\/section><!-- .gravity-section -->\r\n            <div class=\"container\">\r\n            \r\n<hr class=\"dotted\" >\n<p>&nbsp;<\/p>\n<h3 style=\"text-align: center;\">Lidt mere <span style=\"color: # f96f6c;\">Om os<\/span><\/h3>\n<hr class=\"dotted double\" style=\"width:7%;\">\n<p style=\"text-align: center;\"><a href=\"https:\/\/cubica.dk\/om-os-kontakt\/\">L\u00e6s mere her&#8230;<\/a><\/p>\n<p>&nbsp;<\/p>\n<div class=\"row \"><div class=\"col-sm-6 col-lg-3 col-md-3 \">  \r\n            <article id=\"post-1806\" class=\"gravity-team-grid caption-style-1 post post-1806 team type-team status-publish hentry taxonomy_team_category-ceo taxonomy_team_category-designer\">\r\n                <div class=\"entry-thumbnail\">\r\n                                                        <\/div>\r\n                <div class=\"post-entry\">\r\n                    <header class=\"entry-header\">\r\n                        <h4 class=\"entry-title\">Karsten Gudiksen<\/h4>\r\n                        <div class=\"entry-meta\">\r\n                            <span class=\"entry-job\">CEO, Designer<\/span>\r\n                        <\/div><!-- .entry-meta -->\r\n                    <\/header><!-- .entry-header -->\r\n                    <div class=\"entry-content\">\r\n                                            <\/div>\r\n                <\/div><!-- .post-entry -->\r\n            <\/article><!-- article -->\r\n        <\/div><div class=\"col-sm-6 col-lg-3 col-md-3 \">  \r\n            <article id=\"post-1807\" class=\"gravity-team-grid caption-style-1 post post-1807 team type-team status-publish hentry taxonomy_team_category-indkoeb taxonomy_team_category-marketing\">\r\n                <div class=\"entry-thumbnail\">\r\n                                                        <\/div>\r\n                <div class=\"post-entry\">\r\n                    <header class=\"entry-header\">\r\n                        <h4 class=\"entry-title\">Anni Gudiksen<\/h4>\r\n                        <div class=\"entry-meta\">\r\n                            <span class=\"entry-job\">Indk\u00f8b, Marketing<\/span>\r\n                        <\/div><!-- .entry-meta -->\r\n                    <\/header><!-- .entry-header -->\r\n                    <div class=\"entry-content\">\r\n                                            <\/div>\r\n                <\/div><!-- .post-entry -->\r\n            <\/article><!-- article -->\r\n        <\/div><div class=\"col-sm-6 col-lg-3 col-md-3 \"><\/div><div class=\"col-sm-6 col-lg-3 col-md-3 \"><\/div><\/div>\n<p>&nbsp;<\/p>\n","protected":false},"excerpt":{"rendered":"<p>DESIGN | EHANDEL &nbsp; &nbsp; &nbsp; Dette er vores brands &nbsp; &nbsp; Lidt mere Om os L\u00e6s mere her&#8230; &nbsp; &nbsp;<\/p>\n","protected":false},"author":1,"featured_media":0,"parent":0,"menu_order":0,"comment_status":"open","ping_status":"open","template":"","meta":{"om_disable_all_campaigns":false,"_monsterinsights_skip_tracking":false,"_monsterinsights_sitenote_active":false,"_monsterinsights_sitenote_note":"","_monsterinsights_sitenote_category":0,"ngg_post_thumbnail":0,"footnotes":""},"class_list":["post-2497","page","type-page","status-publish","hentry"],"aioseo_notices":[],"_links":{"self":[{"href":"https:\/\/www.cubica.dk\/index.php?rest_route=\/wp\/v2\/pages\/2497","targetHints":{"allow":["GET"]}}],"collection":[{"href":"https:\/\/www.cubica.dk\/index.php?rest_route=\/wp\/v2\/pages"}],"about":[{"href":"https:\/\/www.cubica.dk\/index.php?rest_route=\/wp\/v2\/types\/page"}],"author":[{"embeddable":true,"href":"https:\/\/www.cubica.dk\/index.php?rest_route=\/wp\/v2\/users\/1"}],"replies":[{"embeddable":true,"href":"https:\/\/www.cubica.dk\/index.php?rest_route=%2Fwp%2Fv2%2Fcomments&post=2497"}],"version-history":[{"count":27,"href":"https:\/\/www.cubica.dk\/index.php?rest_route=\/wp\/v2\/pages\/2497\/revisions"}],"predecessor-version":[{"id":7634,"href":"https:\/\/www.cubica.dk\/index.php?rest_route=\/wp\/v2\/pages\/2497\/revisions\/7634"}],"wp:attachment":[{"href":"https:\/\/www.cubica.dk\/index.php?rest_route=%2Fwp%2Fv2%2Fmedia&parent=2497"}],"curies":[{"name":"wp","href":"https:\/\/api.w.org\/{rel}","templated":true}]}}