{"id":294,"date":"2010-07-15T21:35:10","date_gmt":"2010-07-15T19:35:10","guid":{"rendered":"http:\/\/cubica.dk\/"},"modified":"2017-02-04T17:39:51","modified_gmt":"2017-02-04T15:39:51","slug":"dimaria-wallstickers","status":"publish","type":"page","link":"https:\/\/www.cubica.dk\/?page_id=294","title":{"rendered":"Dimaria Wallstickers"},"content":{"rendered":"<p>DiMaria Wallstickers.&nbsp;Vores butik med salg af <a href=\"http:\/\/www.dimaria.dk\">wallstickers<\/a> til boligen og b\u00f8rnev\u00e6relset. Vores speciale er sk\u00f8nne tekster og citater som wallstickers i vores eget design, har Danmarks vel nok st\u00f8rste udvalg, og bruger kun kvalitetsfolier der kl\u00e6ber hvor andre giver op. Vi producerer og designer selv vores wallstickers, og laver rigtig mange specialdesignede wallstickers til kunder, der gerne vil have en hel unik l\u00f8sning. Dimaria Wallstickers \u00e5bnede i september 2008.<\/p>\n<p><a href=\"http:\/\/www.dimaria.dk\"><img loading=\"lazy\" decoding=\"async\" class=\"aligncenter wp-image-5826 size-full\" src=\"http:\/\/cubica.dk\/wp-content\/uploads\/2012\/03\/ipad_dimaria-wallstickers.jpg\" alt=\"Wallstickers fra Dimaria\" width=\"678\" height=\"484\" srcset=\"https:\/\/www.cubica.dk\/wp-content\/uploads\/2012\/03\/ipad_dimaria-wallstickers.jpg 678w, https:\/\/www.cubica.dk\/wp-content\/uploads\/2012\/03\/ipad_dimaria-wallstickers-300x214.jpg 300w\" sizes=\"auto, (max-width: 678px) 100vw, 678px\" \/><\/a><\/p>\n<p>Se og f\u00f8lg os p\u00e5 <a href=\"http:\/\/instagram.com\/dimariadk\">Instagram<\/a><\/p>\n<p>Her kan du l\u00f8bende hvad der sker p\u00e5 vores Facebooks-side:<br \/>\n<iframe loading=\"lazy\" style=\"border: none; overflow: hidden; width: 900px; height: 590px;\" src=\"\/\/www.facebook.com\/plugins\/likebox.php?href=https%3A%2F%2Fwww.facebook.com%2Fpages%2FDiMaria-Wallstickers%2F54833106710%3Ffref%3Dts&amp;width=900&amp;height=590&amp;show_faces=true&amp;colorscheme=light&amp;stream=true&amp;border_color&amp;header=true&amp;appId=156919434378000\" width=\"320\" height=\"240\" frameborder=\"0\" scrolling=\"no\"><\/iframe><\/p>\n","protected":false},"excerpt":{"rendered":"<p>DiMaria Wallstickers.&nbsp;Vores butik med salg af wallstickers til boligen og b\u00f8rnev\u00e6relset. Vores speciale er sk\u00f8nne tekster og citater som wallstickers i vores eget design, har Danmarks vel nok st\u00f8rste udvalg, og bruger kun kvalitetsfolier der kl\u00e6ber hvor andre giver op. Vi producerer og designer selv vores wallstickers, og laver rigtig mange specialdesignede wallstickers til kunder, [&hellip;]<\/p>\n","protected":false},"author":1,"featured_media":0,"parent":0,"menu_order":3,"comment_status":"open","ping_status":"open","template":"","meta":{"om_disable_all_campaigns":false,"_monsterinsights_skip_tracking":false,"_monsterinsights_sitenote_active":false,"_monsterinsights_sitenote_note":"","_monsterinsights_sitenote_category":0,"ngg_post_thumbnail":0,"footnotes":""},"class_list":["post-294","page","type-page","status-publish","hentry"],"aioseo_notices":[],"_links":{"self":[{"href":"https:\/\/www.cubica.dk\/index.php?rest_route=\/wp\/v2\/pages\/294","targetHints":{"allow":["GET"]}}],"collection":[{"href":"https:\/\/www.cubica.dk\/index.php?rest_route=\/wp\/v2\/pages"}],"about":[{"href":"https:\/\/www.cubica.dk\/index.php?rest_route=\/wp\/v2\/types\/page"}],"author":[{"embeddable":true,"href":"https:\/\/www.cubica.dk\/index.php?rest_route=\/wp\/v2\/users\/1"}],"replies":[{"embeddable":true,"href":"https:\/\/www.cubica.dk\/index.php?rest_route=%2Fwp%2Fv2%2Fcomments&post=294"}],"version-history":[{"count":45,"href":"https:\/\/www.cubica.dk\/index.php?rest_route=\/wp\/v2\/pages\/294\/revisions"}],"predecessor-version":[{"id":6742,"href":"https:\/\/www.cubica.dk\/index.php?rest_route=\/wp\/v2\/pages\/294\/revisions\/6742"}],"wp:attachment":[{"href":"https:\/\/www.cubica.dk\/index.php?rest_route=%2Fwp%2Fv2%2Fmedia&parent=294"}],"curies":[{"name":"wp","href":"https:\/\/api.w.org\/{rel}","templated":true}]}}