{"id":4292,"date":"2013-01-01T21:31:37","date_gmt":"2013-01-01T19:31:37","guid":{"rendered":"http:\/\/cubica.dk\/?page_id=4292"},"modified":"2013-01-01T21:35:59","modified_gmt":"2013-01-01T19:35:59","slug":"job-hos-cubica","status":"publish","type":"page","link":"https:\/\/www.cubica.dk\/?page_id=4292","title":{"rendered":"Job hos Cubica"},"content":{"rendered":"<h1>Job hos Cubica<\/h1>\n<p>Vi har i \u00f8jeblikket ingen ledige jobs.<\/p>\n<p>Du er dog velkommen til at sende os en uopfordret ans\u00f8gning p\u00e5 <a href=\"mailto:kg@cubica.dk\">kg@cubica.dk<\/a>.<\/p>\n<h4>Praktikophold<\/h4>\n<p>Vi tager ofte praktikanter ind fra fx markedsf\u00f8rings\u00f8konom, The Animation Workshop etc. S\u00e5 mangler du en praktikplads i forbindelse med din uddannelse &#8211; jamen s\u00e5 send Karsten en mail p\u00e5 <a href=\"mailto:kg@cubica.dk\">kg@cubica.dk<\/a>. Skriv lidt om hvad du kunne forestille dig, at lave hos os!<\/p>\n","protected":false},"excerpt":{"rendered":"<p>Job hos Cubica Vi har i \u00f8jeblikket ingen ledige jobs. Du er dog velkommen til at sende os en uopfordret ans\u00f8gning p\u00e5 kg@cubica.dk. Praktikophold Vi tager ofte praktikanter ind fra fx markedsf\u00f8rings\u00f8konom, The Animation Workshop etc. S\u00e5 mangler du en praktikplads i forbindelse med din uddannelse &#8211; jamen s\u00e5 send Karsten en mail p\u00e5 kg@cubica.dk. [&hellip;]<\/p>\n","protected":false},"author":1,"featured_media":0,"parent":0,"menu_order":0,"comment_status":"closed","ping_status":"closed","template":"","meta":{"om_disable_all_campaigns":false,"_monsterinsights_skip_tracking":false,"_monsterinsights_sitenote_active":false,"_monsterinsights_sitenote_note":"","_monsterinsights_sitenote_category":0,"ngg_post_thumbnail":0,"footnotes":""},"class_list":["post-4292","page","type-page","status-publish","hentry"],"aioseo_notices":[],"_links":{"self":[{"href":"https:\/\/www.cubica.dk\/index.php?rest_route=\/wp\/v2\/pages\/4292","targetHints":{"allow":["GET"]}}],"collection":[{"href":"https:\/\/www.cubica.dk\/index.php?rest_route=\/wp\/v2\/pages"}],"about":[{"href":"https:\/\/www.cubica.dk\/index.php?rest_route=\/wp\/v2\/types\/page"}],"author":[{"embeddable":true,"href":"https:\/\/www.cubica.dk\/index.php?rest_route=\/wp\/v2\/users\/1"}],"replies":[{"embeddable":true,"href":"https:\/\/www.cubica.dk\/index.php?rest_route=%2Fwp%2Fv2%2Fcomments&post=4292"}],"version-history":[{"count":6,"href":"https:\/\/www.cubica.dk\/index.php?rest_route=\/wp\/v2\/pages\/4292\/revisions"}],"predecessor-version":[{"id":4299,"href":"https:\/\/www.cubica.dk\/index.php?rest_route=\/wp\/v2\/pages\/4292\/revisions\/4299"}],"wp:attachment":[{"href":"https:\/\/www.cubica.dk\/index.php?rest_route=%2Fwp%2Fv2%2Fmedia&parent=4292"}],"curies":[{"name":"wp","href":"https:\/\/api.w.org\/{rel}","templated":true}]}}