{"id":4976,"date":"2014-03-03T11:55:09","date_gmt":"2014-03-03T09:55:09","guid":{"rendered":"http:\/\/cubica.dk\/?page_id=4976"},"modified":"2017-06-27T21:04:43","modified_gmt":"2017-06-27T19:04:43","slug":"handed-by","status":"publish","type":"page","link":"https:\/\/www.cubica.dk\/?page_id=4976","title":{"rendered":"Handed By"},"content":{"rendered":"<h1>Handed By<\/h1>\n<p>Det hollandske firma Handed By er kendt for sine st\u00e6rke fletkurve og kister i plastik, som de leverer til mere end 20 lande. De bev\u00e6ger sig forrest i udviklingen af nye designs til praktisk opbevaring, de producerer i mange forskellige farver og stilarter, s\u00e5 der skulle v\u00e6re noget til enhver smag. Kurvene er produceret til dagligt brug og er utroligt slidst\u00e6rke. Plastfletkurvene er h\u00e5ndlavede og af genbrugsmateriale. Plastfletkurvene er produceret af den samme slags plaststrips, som er viklet om paller og kasser, n\u00e5r tunge ting skal sendes forsvarligt. Disse strips laves i forskellige bredder og indfarves i smukke farver.<br \/>\nDu kan v\u00e6re sikker p\u00e5, at alle produkter, der b\u00e6rer deres h\u00e5ndaftryk er blevet produceret p\u00e5 en etisk m\u00e5de og er med garanti ikke lavet ved hj\u00e6lp af b\u00f8rnearbejde. Produktionen foreg\u00e5r i Thailand, Kina og Vietnam. N\u00e5r Handed By pakker deres produkter, fors\u00f8ger de at minimere skrald og genbruger deres papkasser til transport og produktion.<\/p>\n<p>Se og k\u00f8b <a href=\"https:\/\/www.boxdelux.dk\/shop\/handed-by-484c1.html\">handed by her<\/a><\/p>\n<p><a href=\"http:\/\/www.boxdelux.dk\/shop\/search-1.html?keyword=handed\" rel=\"attachment wp-att-6319\"><img loading=\"lazy\" decoding=\"async\" class=\"alignnone wp-image-6319\" src=\"http:\/\/cubica.dk\/wp-content\/uploads\/2014\/03\/handed_by_miljoe_billeder_jan16-15.jpg\" alt=\"handed_by_miljoe_billeder_jan16 (15)\" width=\"280\" height=\"280\" srcset=\"https:\/\/www.cubica.dk\/wp-content\/uploads\/2014\/03\/handed_by_miljoe_billeder_jan16-15.jpg 600w, https:\/\/www.cubica.dk\/wp-content\/uploads\/2014\/03\/handed_by_miljoe_billeder_jan16-15-150x150.jpg 150w, https:\/\/www.cubica.dk\/wp-content\/uploads\/2014\/03\/handed_by_miljoe_billeder_jan16-15-300x300.jpg 300w\" sizes=\"auto, (max-width: 280px) 100vw, 280px\" \/><\/a>&nbsp; &nbsp; &nbsp; &nbsp; &nbsp;<a href=\"http:\/\/www.boxdelux.dk\/shop\/search-1.html?keyword=handed\" rel=\"attachment wp-att-6317\"><img loading=\"lazy\" decoding=\"async\" class=\"alignnone wp-image-6317\" src=\"http:\/\/cubica.dk\/wp-content\/uploads\/2014\/03\/handedby_kurve_bamboolastic_miljoe4.jpg\" alt=\"handedby_kurve_bamboolastic_miljoe4\" width=\"280\" height=\"280\" srcset=\"https:\/\/www.cubica.dk\/wp-content\/uploads\/2014\/03\/handedby_kurve_bamboolastic_miljoe4.jpg 600w, https:\/\/www.cubica.dk\/wp-content\/uploads\/2014\/03\/handedby_kurve_bamboolastic_miljoe4-150x150.jpg 150w, https:\/\/www.cubica.dk\/wp-content\/uploads\/2014\/03\/handedby_kurve_bamboolastic_miljoe4-300x300.jpg 300w\" sizes=\"auto, (max-width: 280px) 100vw, 280px\" \/><\/a>&nbsp; &nbsp; &nbsp; &nbsp; &nbsp;<a href=\"http:\/\/www.boxdelux.dk\/shop\/search-1.html?keyword=handed\" rel=\"attachment wp-att-6315\"><img loading=\"lazy\" decoding=\"async\" class=\"alignnone wp-image-6315\" src=\"http:\/\/cubica.dk\/wp-content\/uploads\/2014\/03\/handed_by_miljoe_billeder_jan16-1.jpg\" alt=\"handed_by_miljoe_billeder_jan16 (1)\" width=\"280\" height=\"280\" srcset=\"https:\/\/www.cubica.dk\/wp-content\/uploads\/2014\/03\/handed_by_miljoe_billeder_jan16-1.jpg 600w, https:\/\/www.cubica.dk\/wp-content\/uploads\/2014\/03\/handed_by_miljoe_billeder_jan16-1-150x150.jpg 150w, https:\/\/www.cubica.dk\/wp-content\/uploads\/2014\/03\/handed_by_miljoe_billeder_jan16-1-300x300.jpg 300w\" sizes=\"auto, (max-width: 280px) 100vw, 280px\" \/><\/a><\/p>\n<p><a href=\"http:\/\/cubica.dk\/om-os-kontakt\/leverandoerer\/handed-by\/\" rel=\"attachment wp-att-6330\"><img loading=\"lazy\" decoding=\"async\" class=\"alignnone size-thumbnail wp-image-6330\" src=\"http:\/\/cubica.dk\/wp-content\/uploads\/2014\/03\/Handed_by_bibbona_kurv_petrol-150x150.jpg\" alt=\"Handed_by_bibbona_kurv_petrol\" width=\"150\" height=\"150\" srcset=\"https:\/\/www.cubica.dk\/wp-content\/uploads\/2014\/03\/Handed_by_bibbona_kurv_petrol-150x150.jpg 150w, https:\/\/www.cubica.dk\/wp-content\/uploads\/2014\/03\/Handed_by_bibbona_kurv_petrol-300x300.jpg 300w, https:\/\/www.cubica.dk\/wp-content\/uploads\/2014\/03\/Handed_by_bibbona_kurv_petrol.jpg 500w\" sizes=\"auto, (max-width: 150px) 100vw, 150px\" \/><\/a> <a href=\"http:\/\/cubica.dk\/om-os-kontakt\/leverandoerer\/handed-by\/\" rel=\"attachment wp-att-6324\"><img loading=\"lazy\" decoding=\"async\" class=\"alignnone size-thumbnail wp-image-6324\" src=\"http:\/\/cubica.dk\/wp-content\/uploads\/2014\/03\/Handed_by_bologna_h\u00f8jboks_silver-150x150.jpg\" alt=\"Handed_by_bologna_h\u00f8jboks_silver\" width=\"150\" height=\"150\" srcset=\"https:\/\/www.cubica.dk\/wp-content\/uploads\/2014\/03\/Handed_by_bologna_h\u00f8jboks_silver-150x150.jpg 150w, https:\/\/www.cubica.dk\/wp-content\/uploads\/2014\/03\/Handed_by_bologna_h\u00f8jboks_silver-300x300.jpg 300w, https:\/\/www.cubica.dk\/wp-content\/uploads\/2014\/03\/Handed_by_bologna_h\u00f8jboks_silver.jpg 500w\" sizes=\"auto, (max-width: 150px) 100vw, 150px\" \/><\/a> <a href=\"http:\/\/cubica.dk\/om-os-kontakt\/leverandoerer\/handed-by\/\" rel=\"attachment wp-att-6323\"><img loading=\"lazy\" decoding=\"async\" class=\"alignnone size-thumbnail wp-image-6323\" src=\"http:\/\/cubica.dk\/wp-content\/uploads\/2014\/03\/handed_by_bibbona_plastflet_marsala_red-150x150.jpg\" alt=\"handed_by_bibbona_plastflet_marsala_red\" width=\"150\" height=\"150\" srcset=\"https:\/\/www.cubica.dk\/wp-content\/uploads\/2014\/03\/handed_by_bibbona_plastflet_marsala_red-150x150.jpg 150w, https:\/\/www.cubica.dk\/wp-content\/uploads\/2014\/03\/handed_by_bibbona_plastflet_marsala_red-300x300.jpg 300w, https:\/\/www.cubica.dk\/wp-content\/uploads\/2014\/03\/handed_by_bibbona_plastflet_marsala_red.jpg 600w\" sizes=\"auto, (max-width: 150px) 100vw, 150px\" \/><\/a> <a href=\"http:\/\/cubica.dk\/om-os-kontakt\/leverandoerer\/handed-by\/\" rel=\"attachment wp-att-6325\"><img loading=\"lazy\" decoding=\"async\" class=\"alignnone size-thumbnail wp-image-6325\" src=\"http:\/\/cubica.dk\/wp-content\/uploads\/2014\/03\/Handed_by_venice_vasket\u00f8jskurv-150x150.jpg\" alt=\"Handed_by_venice_vasket\u00f8jskurv\" width=\"150\" height=\"150\" srcset=\"https:\/\/www.cubica.dk\/wp-content\/uploads\/2014\/03\/Handed_by_venice_vasket\u00f8jskurv-150x150.jpg 150w, https:\/\/www.cubica.dk\/wp-content\/uploads\/2014\/03\/Handed_by_venice_vasket\u00f8jskurv-300x300.jpg 300w, https:\/\/www.cubica.dk\/wp-content\/uploads\/2014\/03\/Handed_by_venice_vasket\u00f8jskurv.jpg 500w\" sizes=\"auto, (max-width: 150px) 100vw, 150px\" \/><\/a> <a href=\"http:\/\/cubica.dk\/om-os-kontakt\/leverandoerer\/handed-by\/\" rel=\"attachment wp-att-6322\"><img loading=\"lazy\" decoding=\"async\" class=\"alignnone size-thumbnail wp-image-6322\" src=\"http:\/\/cubica.dk\/wp-content\/uploads\/2014\/03\/anconasort-150x150.jpg\" alt=\"anconasort\" width=\"150\" height=\"150\" srcset=\"https:\/\/www.cubica.dk\/wp-content\/uploads\/2014\/03\/anconasort-150x150.jpg 150w, https:\/\/www.cubica.dk\/wp-content\/uploads\/2014\/03\/anconasort-300x300.jpg 300w, https:\/\/www.cubica.dk\/wp-content\/uploads\/2014\/03\/anconasort.jpg 500w\" sizes=\"auto, (max-width: 150px) 100vw, 150px\" \/><\/a> <a href=\"http:\/\/cubica.dk\/om-os-kontakt\/leverandoerer\/handed-by\/\" rel=\"attachment wp-att-6326\"><img loading=\"lazy\" decoding=\"async\" class=\"alignnone size-thumbnail wp-image-6326\" src=\"http:\/\/cubica.dk\/wp-content\/uploads\/2014\/03\/handed_by_verona_plastflet_powder_blue-150x150.jpg\" alt=\"handed_by_verona_plastflet_powder_blue\" width=\"150\" height=\"150\" srcset=\"https:\/\/www.cubica.dk\/wp-content\/uploads\/2014\/03\/handed_by_verona_plastflet_powder_blue-150x150.jpg 150w, https:\/\/www.cubica.dk\/wp-content\/uploads\/2014\/03\/handed_by_verona_plastflet_powder_blue-300x300.jpg 300w, https:\/\/www.cubica.dk\/wp-content\/uploads\/2014\/03\/handed_by_verona_plastflet_powder_blue.jpg 600w\" sizes=\"auto, (max-width: 150px) 100vw, 150px\" \/><\/a><\/p>\n","protected":false},"excerpt":{"rendered":"<p>Handed By Det hollandske firma Handed By er kendt for sine st\u00e6rke fletkurve og kister i plastik, som de leverer til mere end 20 lande. De bev\u00e6ger sig forrest i udviklingen af nye designs til praktisk opbevaring, de producerer i mange forskellige farver og stilarter, s\u00e5 der skulle v\u00e6re noget til enhver smag. Kurvene er [&hellip;]<\/p>\n","protected":false},"author":2,"featured_media":0,"parent":4973,"menu_order":0,"comment_status":"closed","ping_status":"closed","template":"","meta":{"om_disable_all_campaigns":false,"_monsterinsights_skip_tracking":false,"_monsterinsights_sitenote_active":false,"_monsterinsights_sitenote_note":"","_monsterinsights_sitenote_category":0,"ngg_post_thumbnail":0,"footnotes":""},"class_list":["post-4976","page","type-page","status-publish","hentry"],"aioseo_notices":[],"_links":{"self":[{"href":"https:\/\/www.cubica.dk\/index.php?rest_route=\/wp\/v2\/pages\/4976","targetHints":{"allow":["GET"]}}],"collection":[{"href":"https:\/\/www.cubica.dk\/index.php?rest_route=\/wp\/v2\/pages"}],"about":[{"href":"https:\/\/www.cubica.dk\/index.php?rest_route=\/wp\/v2\/types\/page"}],"author":[{"embeddable":true,"href":"https:\/\/www.cubica.dk\/index.php?rest_route=\/wp\/v2\/users\/2"}],"replies":[{"embeddable":true,"href":"https:\/\/www.cubica.dk\/index.php?rest_route=%2Fwp%2Fv2%2Fcomments&post=4976"}],"version-history":[{"count":7,"href":"https:\/\/www.cubica.dk\/index.php?rest_route=\/wp\/v2\/pages\/4976\/revisions"}],"predecessor-version":[{"id":7152,"href":"https:\/\/www.cubica.dk\/index.php?rest_route=\/wp\/v2\/pages\/4976\/revisions\/7152"}],"up":[{"embeddable":true,"href":"https:\/\/www.cubica.dk\/index.php?rest_route=\/wp\/v2\/pages\/4973"}],"wp:attachment":[{"href":"https:\/\/www.cubica.dk\/index.php?rest_route=%2Fwp%2Fv2%2Fmedia&parent=4976"}],"curies":[{"name":"wp","href":"https:\/\/api.w.org\/{rel}","templated":true}]}}