{"id":4978,"date":"2014-03-03T11:55:59","date_gmt":"2014-03-03T09:55:59","guid":{"rendered":"http:\/\/cubica.dk\/?page_id=4978"},"modified":"2017-06-27T21:05:57","modified_gmt":"2017-06-27T19:05:57","slug":"happy-lights","status":"publish","type":"page","link":"https:\/\/www.cubica.dk\/?page_id=4978","title":{"rendered":"Happy Lights"},"content":{"rendered":"<h1>Happy Lights<\/h1>\n<p>Happy Lights er et belgisk firma med produktion i Thailand. De flotte farverige kugler er h\u00e5ndlavet p\u00e5 et lille v\u00e6rksted. Disse bolde er typisk thailandske og det tager lidt \u00f8velse at lave s\u00e5dan en helt perfekt rund bold . De ansatte i v\u00e6rkstedet er alle lokale folk som f\u00e5r rimelige l\u00f8nninger og kan dermed hj\u00e6lpe deres familier \u00f8konomisk. De sk\u00f8nne kugler f\u00e5s i flere udgaver, b\u00e5de som lamper og lysk\u00e6der, samt i en bred palette af farver.<\/p>\n<p>Boldene er lavet af farvet polyester tr\u00e5d. Tr\u00e5dene bliver viklet omkring en lille rund ballon, indtil tilstr\u00e6kkelig tr\u00e5d er roteret omkring ballonen og man opn\u00e5r af en fast kugle. Boldene bliver derefter h\u00e6ngt til t\u00f8rre i solen og under regntiden h\u00e6nger de i en t\u00f8rreovn.<br \/>\nHos BOXdeLUX forhandler vi et stort udvalg af&nbsp;lampesk\u00e6rme fra Happylights, vi er faktisk den forhandler der har det st\u00f8rste udvalg.<\/p>\n<p>Se og k\u00f8b <a href=\"https:\/\/www.boxdelux.dk\/shop\/happy-lights-483c1.html\">Happy Lights lamper online her<\/a><\/p>\n<p><a href=\"http:\/\/www.boxdelux.dk\/shop\/search-1.html?keyword=happylights&amp;AdvSearch=1\" rel=\"attachment wp-att-6337\"><img loading=\"lazy\" decoding=\"async\" class=\"alignnone wp-image-6337\" src=\"http:\/\/cubica.dk\/wp-content\/uploads\/2014\/03\/happylights_miljo_hvid.jpg\" alt=\"happylights_miljo_hvid\" width=\"280\" height=\"280\" srcset=\"https:\/\/www.cubica.dk\/wp-content\/uploads\/2014\/03\/happylights_miljo_hvid.jpg 600w, https:\/\/www.cubica.dk\/wp-content\/uploads\/2014\/03\/happylights_miljo_hvid-150x150.jpg 150w, https:\/\/www.cubica.dk\/wp-content\/uploads\/2014\/03\/happylights_miljo_hvid-300x300.jpg 300w\" sizes=\"auto, (max-width: 280px) 100vw, 280px\" \/><\/a>&nbsp; &nbsp; &nbsp; &nbsp; &nbsp;<a href=\"http:\/\/www.boxdelux.dk\/shop\/search-1.html?keyword=happylights&amp;AdvSearch=1\" rel=\"attachment wp-att-6339\"><img loading=\"lazy\" decoding=\"async\" class=\"alignnone wp-image-6339\" src=\"http:\/\/cubica.dk\/wp-content\/uploads\/2014\/03\/happylights_miljo_random_2.jpg\" alt=\"happylights_miljo_random_2\" width=\"280\" height=\"280\" srcset=\"https:\/\/www.cubica.dk\/wp-content\/uploads\/2014\/03\/happylights_miljo_random_2.jpg 600w, https:\/\/www.cubica.dk\/wp-content\/uploads\/2014\/03\/happylights_miljo_random_2-150x150.jpg 150w, https:\/\/www.cubica.dk\/wp-content\/uploads\/2014\/03\/happylights_miljo_random_2-300x300.jpg 300w\" sizes=\"auto, (max-width: 280px) 100vw, 280px\" \/><\/a>&nbsp; &nbsp; &nbsp; &nbsp; &nbsp;<a href=\"http:\/\/www.boxdelux.dk\/shop\/search-1.html?keyword=happylights&amp;AdvSearch=1\" rel=\"attachment wp-att-6338\"><img loading=\"lazy\" decoding=\"async\" class=\"alignnone wp-image-6338\" src=\"http:\/\/cubica.dk\/wp-content\/uploads\/2014\/03\/happylights_miljo_random.jpg\" alt=\"happylights_miljo_random\" width=\"280\" height=\"280\" srcset=\"https:\/\/www.cubica.dk\/wp-content\/uploads\/2014\/03\/happylights_miljo_random.jpg 600w, https:\/\/www.cubica.dk\/wp-content\/uploads\/2014\/03\/happylights_miljo_random-150x150.jpg 150w, https:\/\/www.cubica.dk\/wp-content\/uploads\/2014\/03\/happylights_miljo_random-300x300.jpg 300w\" sizes=\"auto, (max-width: 280px) 100vw, 280px\" \/><\/a><\/p>\n<p><a href=\"http:\/\/www.boxdelux.dk\/shop\/search-1.html?keyword=happylights&amp;AdvSearch=1\" rel=\"attachment wp-att-6347\"><img loading=\"lazy\" decoding=\"async\" class=\"alignnone size-thumbnail wp-image-6347\" src=\"http:\/\/cubica.dk\/wp-content\/uploads\/2014\/03\/happylights_raspberry-150x150.jpg\" alt=\"Happy lights lamper i mange farver\" width=\"150\" height=\"150\" srcset=\"https:\/\/www.cubica.dk\/wp-content\/uploads\/2014\/03\/happylights_raspberry-150x150.jpg 150w, https:\/\/www.cubica.dk\/wp-content\/uploads\/2014\/03\/happylights_raspberry-300x300.jpg 300w, https:\/\/www.cubica.dk\/wp-content\/uploads\/2014\/03\/happylights_raspberry.jpg 376w\" sizes=\"auto, (max-width: 150px) 100vw, 150px\" \/><\/a> <a href=\"http:\/\/www.boxdelux.dk\/shop\/search-1.html?keyword=happylights&amp;AdvSearch=1\" rel=\"attachment wp-att-6346\"><img loading=\"lazy\" decoding=\"async\" class=\"alignnone size-thumbnail wp-image-6346\" src=\"http:\/\/cubica.dk\/wp-content\/uploads\/2014\/03\/happylights_lightyellow-150x150.jpg\" alt=\"Happy Lights lamper - 3 st\u00f8rrelser\" width=\"150\" height=\"150\" srcset=\"https:\/\/www.cubica.dk\/wp-content\/uploads\/2014\/03\/happylights_lightyellow-150x150.jpg 150w, https:\/\/www.cubica.dk\/wp-content\/uploads\/2014\/03\/happylights_lightyellow-300x300.jpg 300w, https:\/\/www.cubica.dk\/wp-content\/uploads\/2014\/03\/happylights_lightyellow.jpg 376w\" sizes=\"auto, (max-width: 150px) 100vw, 150px\" \/><\/a> <a href=\"http:\/\/www.boxdelux.dk\/shop\/search-1.html?keyword=happylights&amp;AdvSearch=1\" rel=\"attachment wp-att-6343\"><img loading=\"lazy\" decoding=\"async\" class=\"alignnone size-thumbnail wp-image-6343\" src=\"http:\/\/cubica.dk\/wp-content\/uploads\/2014\/03\/happylights_aquablue_duckblue_-150x150.jpg\" alt=\"Happylight lamper online\" width=\"150\" height=\"150\" srcset=\"https:\/\/www.cubica.dk\/wp-content\/uploads\/2014\/03\/happylights_aquablue_duckblue_-150x150.jpg 150w, https:\/\/www.cubica.dk\/wp-content\/uploads\/2014\/03\/happylights_aquablue_duckblue_-300x300.jpg 300w, https:\/\/www.cubica.dk\/wp-content\/uploads\/2014\/03\/happylights_aquablue_duckblue_.jpg 376w\" sizes=\"auto, (max-width: 150px) 100vw, 150px\" \/><\/a> <a href=\"http:\/\/www.boxdelux.dk\/shop\/search-1.html?keyword=happylights&amp;AdvSearch=1\" rel=\"attachment wp-att-6344\"><img loading=\"lazy\" decoding=\"async\" class=\"alignnone size-thumbnail wp-image-6344\" src=\"http:\/\/cubica.dk\/wp-content\/uploads\/2014\/03\/happylights_lamper_moerkegraa-150x150.jpg\" alt=\"happylights_lamper_moerkegraa\" width=\"150\" height=\"150\" srcset=\"https:\/\/www.cubica.dk\/wp-content\/uploads\/2014\/03\/happylights_lamper_moerkegraa-150x150.jpg 150w, https:\/\/www.cubica.dk\/wp-content\/uploads\/2014\/03\/happylights_lamper_moerkegraa-300x300.jpg 300w, https:\/\/www.cubica.dk\/wp-content\/uploads\/2014\/03\/happylights_lamper_moerkegraa.jpg 370w\" sizes=\"auto, (max-width: 150px) 100vw, 150px\" \/><\/a> <a href=\"http:\/\/www.boxdelux.dk\/shop\/search-1.html?keyword=happylights&amp;AdvSearch=1\" rel=\"attachment wp-att-6342\"><img loading=\"lazy\" decoding=\"async\" class=\"alignnone size-thumbnail wp-image-6342\" src=\"http:\/\/cubica.dk\/wp-content\/uploads\/2014\/03\/happylights_applegreen-150x150.jpg\" alt=\"Happylights lamper til hjemmet\" width=\"150\" height=\"150\" srcset=\"https:\/\/www.cubica.dk\/wp-content\/uploads\/2014\/03\/happylights_applegreen-150x150.jpg 150w, https:\/\/www.cubica.dk\/wp-content\/uploads\/2014\/03\/happylights_applegreen-300x300.jpg 300w, https:\/\/www.cubica.dk\/wp-content\/uploads\/2014\/03\/happylights_applegreen.jpg 376w\" sizes=\"auto, (max-width: 150px) 100vw, 150px\" \/><\/a> <a href=\"http:\/\/www.boxdelux.dk\/shop\/search-1.html?keyword=happylights&amp;AdvSearch=1\" rel=\"attachment wp-att-6341\"><img loading=\"lazy\" decoding=\"async\" class=\"alignnone size-thumbnail wp-image-6341\" src=\"http:\/\/cubica.dk\/wp-content\/uploads\/2014\/03\/happylight_peppermint-150x150.jpg\" alt=\"happylight_peppermint\" width=\"150\" height=\"150\" srcset=\"https:\/\/www.cubica.dk\/wp-content\/uploads\/2014\/03\/happylight_peppermint-150x150.jpg 150w, https:\/\/www.cubica.dk\/wp-content\/uploads\/2014\/03\/happylight_peppermint-300x300.jpg 300w, https:\/\/www.cubica.dk\/wp-content\/uploads\/2014\/03\/happylight_peppermint.jpg 376w\" sizes=\"auto, (max-width: 150px) 100vw, 150px\" \/><\/a><\/p>\n<p>&nbsp;<\/p>\n","protected":false},"excerpt":{"rendered":"<p>Happy Lights Happy Lights er et belgisk firma med produktion i Thailand. De flotte farverige kugler er h\u00e5ndlavet p\u00e5 et lille v\u00e6rksted. Disse bolde er typisk thailandske og det tager lidt \u00f8velse at lave s\u00e5dan en helt perfekt rund bold . De ansatte i v\u00e6rkstedet er alle lokale folk som f\u00e5r rimelige l\u00f8nninger og kan [&hellip;]<\/p>\n","protected":false},"author":2,"featured_media":0,"parent":4973,"menu_order":0,"comment_status":"closed","ping_status":"closed","template":"","meta":{"om_disable_all_campaigns":false,"_monsterinsights_skip_tracking":false,"_monsterinsights_sitenote_active":false,"_monsterinsights_sitenote_note":"","_monsterinsights_sitenote_category":0,"ngg_post_thumbnail":0,"footnotes":""},"class_list":["post-4978","page","type-page","status-publish","hentry"],"aioseo_notices":[],"_links":{"self":[{"href":"https:\/\/www.cubica.dk\/index.php?rest_route=\/wp\/v2\/pages\/4978","targetHints":{"allow":["GET"]}}],"collection":[{"href":"https:\/\/www.cubica.dk\/index.php?rest_route=\/wp\/v2\/pages"}],"about":[{"href":"https:\/\/www.cubica.dk\/index.php?rest_route=\/wp\/v2\/types\/page"}],"author":[{"embeddable":true,"href":"https:\/\/www.cubica.dk\/index.php?rest_route=\/wp\/v2\/users\/2"}],"replies":[{"embeddable":true,"href":"https:\/\/www.cubica.dk\/index.php?rest_route=%2Fwp%2Fv2%2Fcomments&post=4978"}],"version-history":[{"count":11,"href":"https:\/\/www.cubica.dk\/index.php?rest_route=\/wp\/v2\/pages\/4978\/revisions"}],"predecessor-version":[{"id":7153,"href":"https:\/\/www.cubica.dk\/index.php?rest_route=\/wp\/v2\/pages\/4978\/revisions\/7153"}],"up":[{"embeddable":true,"href":"https:\/\/www.cubica.dk\/index.php?rest_route=\/wp\/v2\/pages\/4973"}],"wp:attachment":[{"href":"https:\/\/www.cubica.dk\/index.php?rest_route=%2Fwp%2Fv2%2Fmedia&parent=4978"}],"curies":[{"name":"wp","href":"https:\/\/api.w.org\/{rel}","templated":true}]}}