{"id":4984,"date":"2014-03-03T12:00:35","date_gmt":"2014-03-03T10:00:35","guid":{"rendered":"http:\/\/cubica.dk\/?page_id=4984"},"modified":"2017-06-27T20:53:03","modified_gmt":"2017-06-27T18:53:03","slug":"bloomingville","status":"publish","type":"page","link":"https:\/\/www.cubica.dk\/?page_id=4984","title":{"rendered":"Bloomingville"},"content":{"rendered":"<h1>Bloomingville<\/h1>\n<p>Bloomingville er et dansk firma fra \u00e5r 2000, som hurtigt har udviklet sig til en blomstrende virksomhed med hovedkontor i Ikast. St\u00f8rstedelen af produkterne er designet in-house og produceret i \u00d8sten. Bloomingville\u2019s stil er en blanding af r\u00e5 produkter med et nostalgisk skandinavisk \u201ctwist\u201d. Keramik og tr\u00e6 er nogle af de foretrukne materialer og sortimentet omfatter flere forskellige stel i keramik, et omfattende bogkasse-reolsystem og utallige sk\u00f8nne t\u00e6pper og puder i moderne print.<br \/>\nHos BOXdeLUX har vi hele sortimentet af bogkasser og et stort udvalg af t\u00e6pper og nips<\/p>\n<p>Se og k\u00f8b <a href=\"https:\/\/www.boxdelux.dk\/shop\/bloomingville-460c1.html\">Bloomingville her<\/a><\/p>\n<p><iframe loading=\"lazy\" src=\"\/\/www.youtube.com\/embed\/33G4FmPGAig?rel=0\" width=\"280\" height=\"280\" frameborder=\"0\" allowfullscreen=\"allowfullscreen\"><\/iframe>&nbsp; &nbsp; &nbsp; &nbsp;&nbsp;<a href=\"http:\/\/www.boxdelux.dk\/shop\/cms-wildsearch.html?InitSearch=1&amp;Keyword=bloomingville&amp;Search=S%C3%B8g\" rel=\"attachment wp-att-6264\"><img loading=\"lazy\" decoding=\"async\" class=\"alignnone wp-image-6264\" src=\"http:\/\/cubica.dk\/wp-content\/uploads\/2014\/03\/bloomingville_spring_summer_2016_miljoe-10.jpg\" alt=\"Bloomingville finder du hos BOXdeLUX\" width=\"280\" height=\"280\" srcset=\"https:\/\/www.cubica.dk\/wp-content\/uploads\/2014\/03\/bloomingville_spring_summer_2016_miljoe-10.jpg 600w, https:\/\/www.cubica.dk\/wp-content\/uploads\/2014\/03\/bloomingville_spring_summer_2016_miljoe-10-150x150.jpg 150w, https:\/\/www.cubica.dk\/wp-content\/uploads\/2014\/03\/bloomingville_spring_summer_2016_miljoe-10-300x300.jpg 300w\" sizes=\"auto, (max-width: 280px) 100vw, 280px\" \/><\/a>&nbsp; &nbsp; &nbsp; &nbsp;&nbsp;<a href=\"http:\/\/www.boxdelux.dk\/shop\/cms-wildsearch.html?InitSearch=1&amp;Keyword=bloomingville&amp;Search=S%C3%B8g\" rel=\"attachment wp-att-6265\"><img loading=\"lazy\" decoding=\"async\" class=\"alignnone wp-image-6265\" src=\"http:\/\/cubica.dk\/wp-content\/uploads\/2014\/03\/bloomingville_spring_summer_2016_miljoe-19.jpg\" alt=\"Bloomingville finder du hos BOXdeLUX\" width=\"280\" height=\"280\" srcset=\"https:\/\/www.cubica.dk\/wp-content\/uploads\/2014\/03\/bloomingville_spring_summer_2016_miljoe-19.jpg 600w, https:\/\/www.cubica.dk\/wp-content\/uploads\/2014\/03\/bloomingville_spring_summer_2016_miljoe-19-150x150.jpg 150w, https:\/\/www.cubica.dk\/wp-content\/uploads\/2014\/03\/bloomingville_spring_summer_2016_miljoe-19-300x300.jpg 300w\" sizes=\"auto, (max-width: 280px) 100vw, 280px\" \/><\/a><\/p>\n<p><a href=\"http:\/\/www.boxdelux.dk\/shop\/cms-wildsearch.html?InitSearch=1&amp;Keyword=bloomingville&amp;Search=S%C3%B8g\" rel=\"attachment wp-att-6271\"><img loading=\"lazy\" decoding=\"async\" class=\"alignnone size-thumbnail wp-image-6271\" src=\"http:\/\/cubica.dk\/wp-content\/uploads\/2014\/03\/bloomingville_kassesystem_bogreol_interioer_ekstrabillede201-150x150.jpg\" alt=\"Bloomingville\" width=\"150\" height=\"150\" srcset=\"https:\/\/www.cubica.dk\/wp-content\/uploads\/2014\/03\/bloomingville_kassesystem_bogreol_interioer_ekstrabillede201-150x150.jpg 150w, https:\/\/www.cubica.dk\/wp-content\/uploads\/2014\/03\/bloomingville_kassesystem_bogreol_interioer_ekstrabillede201-300x300.jpg 300w, https:\/\/www.cubica.dk\/wp-content\/uploads\/2014\/03\/bloomingville_kassesystem_bogreol_interioer_ekstrabillede201.jpg 600w\" sizes=\"auto, (max-width: 150px) 100vw, 150px\" \/><\/a> <a href=\"http:\/\/www.boxdelux.dk\/shop\/cms-wildsearch.html?InitSearch=1&amp;Keyword=bloomingville&amp;Search=S%C3%B8g\" rel=\"attachment wp-att-6272\"><img loading=\"lazy\" decoding=\"async\" class=\"alignnone size-thumbnail wp-image-6272\" src=\"http:\/\/cubica.dk\/wp-content\/uploads\/2014\/03\/bloomingville_kassesystem_bogreol_interioer_ekstrabillede202-150x150.jpg\" alt=\"Bloomingville\" width=\"150\" height=\"150\" srcset=\"https:\/\/www.cubica.dk\/wp-content\/uploads\/2014\/03\/bloomingville_kassesystem_bogreol_interioer_ekstrabillede202-150x150.jpg 150w, https:\/\/www.cubica.dk\/wp-content\/uploads\/2014\/03\/bloomingville_kassesystem_bogreol_interioer_ekstrabillede202-300x300.jpg 300w, https:\/\/www.cubica.dk\/wp-content\/uploads\/2014\/03\/bloomingville_kassesystem_bogreol_interioer_ekstrabillede202.jpg 600w\" sizes=\"auto, (max-width: 150px) 100vw, 150px\" \/><\/a> <a href=\"http:\/\/www.boxdelux.dk\/shop\/cms-wildsearch.html?InitSearch=1&amp;Keyword=bloomingville&amp;Search=S%C3%B8g\" rel=\"attachment wp-att-6266\"><img loading=\"lazy\" decoding=\"async\" class=\"alignnone size-thumbnail wp-image-6266\" src=\"http:\/\/cubica.dk\/wp-content\/uploads\/2014\/03\/bloomingville_spring_summer_2016_miljoe-2-150x150.jpg\" alt=\"Bloomingville finder du hos BOXdeLUX\" width=\"150\" height=\"150\" srcset=\"https:\/\/www.cubica.dk\/wp-content\/uploads\/2014\/03\/bloomingville_spring_summer_2016_miljoe-2-150x150.jpg 150w, https:\/\/www.cubica.dk\/wp-content\/uploads\/2014\/03\/bloomingville_spring_summer_2016_miljoe-2-300x300.jpg 300w, https:\/\/www.cubica.dk\/wp-content\/uploads\/2014\/03\/bloomingville_spring_summer_2016_miljoe-2.jpg 600w\" sizes=\"auto, (max-width: 150px) 100vw, 150px\" \/><\/a> <a href=\"http:\/\/www.boxdelux.dk\/shop\/cms-wildsearch.html?InitSearch=1&amp;Keyword=bloomingville&amp;Search=S%C3%B8g\" rel=\"attachment wp-att-6267\"><img loading=\"lazy\" decoding=\"async\" class=\"alignnone size-thumbnail wp-image-6267\" src=\"http:\/\/cubica.dk\/wp-content\/uploads\/2014\/03\/bloomingville_spring_summer_2016_miljoe-3-150x150.jpg\" alt=\"Bloomingville finder du hos BOXdeLUX\" width=\"150\" height=\"150\" srcset=\"https:\/\/www.cubica.dk\/wp-content\/uploads\/2014\/03\/bloomingville_spring_summer_2016_miljoe-3-150x150.jpg 150w, https:\/\/www.cubica.dk\/wp-content\/uploads\/2014\/03\/bloomingville_spring_summer_2016_miljoe-3-300x300.jpg 300w, https:\/\/www.cubica.dk\/wp-content\/uploads\/2014\/03\/bloomingville_spring_summer_2016_miljoe-3.jpg 600w\" sizes=\"auto, (max-width: 150px) 100vw, 150px\" \/><\/a> <a href=\"http:\/\/www.boxdelux.dk\/shop\/cms-wildsearch.html?InitSearch=1&amp;Keyword=bloomingville&amp;Search=S%C3%B8g\" rel=\"attachment wp-att-6268\"><img loading=\"lazy\" decoding=\"async\" class=\"alignnone size-thumbnail wp-image-6268\" src=\"http:\/\/cubica.dk\/wp-content\/uploads\/2014\/03\/bloomingville_spring_summer_2016_miljoe-5-150x150.jpg\" alt=\"Bloomingville finder du hos BOXdeLUX\" width=\"150\" height=\"150\" srcset=\"https:\/\/www.cubica.dk\/wp-content\/uploads\/2014\/03\/bloomingville_spring_summer_2016_miljoe-5-150x150.jpg 150w, https:\/\/www.cubica.dk\/wp-content\/uploads\/2014\/03\/bloomingville_spring_summer_2016_miljoe-5-300x300.jpg 300w, https:\/\/www.cubica.dk\/wp-content\/uploads\/2014\/03\/bloomingville_spring_summer_2016_miljoe-5.jpg 600w\" sizes=\"auto, (max-width: 150px) 100vw, 150px\" \/><\/a> <a href=\"http:\/\/www.boxdelux.dk\/shop\/cms-wildsearch.html?InitSearch=1&amp;Keyword=bloomingville&amp;Search=S%C3%B8g\" rel=\"attachment wp-att-6269\"><img loading=\"lazy\" decoding=\"async\" class=\"alignnone size-thumbnail wp-image-6269\" src=\"http:\/\/cubica.dk\/wp-content\/uploads\/2014\/03\/bloomingville_spring_summer_2016_miljoe-18-150x150.jpg\" alt=\"Bloomingville finder du hos BOXdeLUX\" width=\"150\" height=\"150\" srcset=\"https:\/\/www.cubica.dk\/wp-content\/uploads\/2014\/03\/bloomingville_spring_summer_2016_miljoe-18-150x150.jpg 150w, https:\/\/www.cubica.dk\/wp-content\/uploads\/2014\/03\/bloomingville_spring_summer_2016_miljoe-18-300x300.jpg 300w, https:\/\/www.cubica.dk\/wp-content\/uploads\/2014\/03\/bloomingville_spring_summer_2016_miljoe-18.jpg 600w\" sizes=\"auto, (max-width: 150px) 100vw, 150px\" \/><\/a><\/p>\n","protected":false},"excerpt":{"rendered":"<p>Bloomingville Bloomingville er et dansk firma fra \u00e5r 2000, som hurtigt har udviklet sig til en blomstrende virksomhed med hovedkontor i Ikast. St\u00f8rstedelen af produkterne er designet in-house og produceret i \u00d8sten. Bloomingville\u2019s stil er en blanding af r\u00e5 produkter med et nostalgisk skandinavisk \u201ctwist\u201d. Keramik og tr\u00e6 er nogle af de foretrukne materialer og [&hellip;]<\/p>\n","protected":false},"author":2,"featured_media":0,"parent":4973,"menu_order":0,"comment_status":"closed","ping_status":"closed","template":"","meta":{"om_disable_all_campaigns":false,"_monsterinsights_skip_tracking":false,"_monsterinsights_sitenote_active":false,"_monsterinsights_sitenote_note":"","_monsterinsights_sitenote_category":0,"ngg_post_thumbnail":0,"footnotes":""},"class_list":["post-4984","page","type-page","status-publish","hentry"],"aioseo_notices":[],"_links":{"self":[{"href":"https:\/\/www.cubica.dk\/index.php?rest_route=\/wp\/v2\/pages\/4984","targetHints":{"allow":["GET"]}}],"collection":[{"href":"https:\/\/www.cubica.dk\/index.php?rest_route=\/wp\/v2\/pages"}],"about":[{"href":"https:\/\/www.cubica.dk\/index.php?rest_route=\/wp\/v2\/types\/page"}],"author":[{"embeddable":true,"href":"https:\/\/www.cubica.dk\/index.php?rest_route=\/wp\/v2\/users\/2"}],"replies":[{"embeddable":true,"href":"https:\/\/www.cubica.dk\/index.php?rest_route=%2Fwp%2Fv2%2Fcomments&post=4984"}],"version-history":[{"count":8,"href":"https:\/\/www.cubica.dk\/index.php?rest_route=\/wp\/v2\/pages\/4984\/revisions"}],"predecessor-version":[{"id":7145,"href":"https:\/\/www.cubica.dk\/index.php?rest_route=\/wp\/v2\/pages\/4984\/revisions\/7145"}],"up":[{"embeddable":true,"href":"https:\/\/www.cubica.dk\/index.php?rest_route=\/wp\/v2\/pages\/4973"}],"wp:attachment":[{"href":"https:\/\/www.cubica.dk\/index.php?rest_route=%2Fwp%2Fv2%2Fmedia&parent=4984"}],"curies":[{"name":"wp","href":"https:\/\/api.w.org\/{rel}","templated":true}]}}