{"id":4986,"date":"2014-03-03T12:01:16","date_gmt":"2014-03-03T10:01:16","guid":{"rendered":"http:\/\/cubica.dk\/?page_id=4986"},"modified":"2017-06-27T21:06:47","modified_gmt":"2017-06-27T19:06:47","slug":"house-doctor","status":"publish","type":"page","link":"https:\/\/www.cubica.dk\/?page_id=4986","title":{"rendered":"House Doctor"},"content":{"rendered":"<h1>House Doctor<\/h1>\n<p>En af vores st\u00f8rste leverand\u00f8rer er House Doctor, hvor vi forhandler et meget stort udvalg af deres sortiment online.<\/p>\n<p>House Doctor er endnu et dansk firma. House Doctor er familiedrevet og beliggende i Ikast med forhandlere over hele verden. Deres stil beskriver de som v\u00e6rende provokerende, personlig og ikke alt for formel. De synes, at tiden er inde til at blande elementerne endnu mere end \u201cbare\u201d at matche dem. Uanset hvilken stil du har, s\u00e5 har House Doctor noget der kan give dit hjem et unik eller personligt pr\u00e6g.<\/p>\n<p>House Doctor sl\u00e5r tonen an med en symfoni af organiske former, blide farver, h\u00e5ndlavet keramik og moderne kunst. Det lyse tr\u00e6 udg\u00f8r et kernemateriale i kollektionen, og s\u00e6sonens m\u00f8belnyheder er en hyldest til det nordiske ophav i design s\u00e5vel som materialevalg.<\/p>\n<p>Alle House Doctor\u2019s produkter er designet in-house. Til produktionen h\u00e5ndplukker de, de bedste leverand\u00f8rer fra hele verden og g\u00e5r aldrig p\u00e5 kompromis med deres kvalitet.<\/p>\n<p>Se og k\u00f8b <a href=\"https:\/\/www.boxdelux.dk\/shop\/house-doctor-463c1.html\">House Doctor her<\/a><\/p>\n<p><a href=\"http:\/\/www.boxdelux.dk\/shop\/search-1.html?CapchaImageText=jliuc&amp;CapchaImageIDToValidate=80866&amp;Keyword=house\" rel=\"attachment wp-att-6362\"><img loading=\"lazy\" decoding=\"async\" class=\"alignnone wp-image-6362\" src=\"http:\/\/cubica.dk\/wp-content\/uploads\/2014\/03\/house_doctor_boliginterioer_spring16_summer16_ekstra_billeder-21.jpg\" alt=\"house_doctor_boliginterioer_spring16_summer16_ekstra_billeder (21)\" width=\"280\" height=\"280\" srcset=\"https:\/\/www.cubica.dk\/wp-content\/uploads\/2014\/03\/house_doctor_boliginterioer_spring16_summer16_ekstra_billeder-21.jpg 600w, https:\/\/www.cubica.dk\/wp-content\/uploads\/2014\/03\/house_doctor_boliginterioer_spring16_summer16_ekstra_billeder-21-150x150.jpg 150w, https:\/\/www.cubica.dk\/wp-content\/uploads\/2014\/03\/house_doctor_boliginterioer_spring16_summer16_ekstra_billeder-21-300x300.jpg 300w\" sizes=\"auto, (max-width: 280px) 100vw, 280px\" \/><\/a>&nbsp; &nbsp; &nbsp; &nbsp;<a href=\"http:\/\/www.boxdelux.dk\/shop\/search-1.html?CapchaImageText=jliuc&amp;CapchaImageIDToValidate=80866&amp;Keyword=house\" rel=\"attachment wp-att-6360\"><img loading=\"lazy\" decoding=\"async\" class=\"alignnone wp-image-6360\" src=\"http:\/\/cubica.dk\/wp-content\/uploads\/2014\/03\/house_doctor_boliginterioer_spring16_summer16_ekstra_billeder-12.jpg\" alt=\"house_doctor_boliginterioer_spring16_summer16_ekstra_billeder (12)\" width=\"280\" height=\"280\" srcset=\"https:\/\/www.cubica.dk\/wp-content\/uploads\/2014\/03\/house_doctor_boliginterioer_spring16_summer16_ekstra_billeder-12.jpg 600w, https:\/\/www.cubica.dk\/wp-content\/uploads\/2014\/03\/house_doctor_boliginterioer_spring16_summer16_ekstra_billeder-12-150x150.jpg 150w, https:\/\/www.cubica.dk\/wp-content\/uploads\/2014\/03\/house_doctor_boliginterioer_spring16_summer16_ekstra_billeder-12-300x300.jpg 300w\" sizes=\"auto, (max-width: 280px) 100vw, 280px\" \/><\/a>&nbsp; &nbsp; &nbsp; &nbsp;<a href=\"http:\/\/www.boxdelux.dk\/shop\/search-1.html?CapchaImageText=jliuc&amp;CapchaImageIDToValidate=80866&amp;Keyword=house\" rel=\"attachment wp-att-6361\"><img loading=\"lazy\" decoding=\"async\" class=\"alignnone wp-image-6361\" src=\"http:\/\/cubica.dk\/wp-content\/uploads\/2014\/03\/house_doctor_boliginterioer_spring16_summer16_ekstra_billeder-19.jpg\" alt=\"house_doctor_boliginterioer_spring16_summer16_ekstra_billeder (19)\" width=\"280\" height=\"280\" srcset=\"https:\/\/www.cubica.dk\/wp-content\/uploads\/2014\/03\/house_doctor_boliginterioer_spring16_summer16_ekstra_billeder-19.jpg 600w, https:\/\/www.cubica.dk\/wp-content\/uploads\/2014\/03\/house_doctor_boliginterioer_spring16_summer16_ekstra_billeder-19-150x150.jpg 150w, https:\/\/www.cubica.dk\/wp-content\/uploads\/2014\/03\/house_doctor_boliginterioer_spring16_summer16_ekstra_billeder-19-300x300.jpg 300w\" sizes=\"auto, (max-width: 280px) 100vw, 280px\" \/><\/a><\/p>\n<p><a href=\"http:\/\/www.boxdelux.dk\/shop\/search-1.html?CapchaImageText=jliuc&amp;CapchaImageIDToValidate=80866&amp;Keyword=house\" rel=\"attachment wp-att-6363\"><img loading=\"lazy\" decoding=\"async\" class=\"alignnone size-thumbnail wp-image-6363\" src=\"http:\/\/cubica.dk\/wp-content\/uploads\/2014\/03\/house_doctor_aeskesaet_mixed_moensteret_sorthvid_lyseroed-150x150.jpg\" alt=\"house_doctor_aeskesaet_mixed_moensteret_sorthvid_lyseroed\" width=\"150\" height=\"150\" srcset=\"https:\/\/www.cubica.dk\/wp-content\/uploads\/2014\/03\/house_doctor_aeskesaet_mixed_moensteret_sorthvid_lyseroed-150x150.jpg 150w, https:\/\/www.cubica.dk\/wp-content\/uploads\/2014\/03\/house_doctor_aeskesaet_mixed_moensteret_sorthvid_lyseroed-300x300.jpg 300w, https:\/\/www.cubica.dk\/wp-content\/uploads\/2014\/03\/house_doctor_aeskesaet_mixed_moensteret_sorthvid_lyseroed.jpg 600w\" sizes=\"auto, (max-width: 150px) 100vw, 150px\" \/><\/a> <a href=\"http:\/\/www.boxdelux.dk\/shop\/search-1.html?CapchaImageText=jliuc&amp;CapchaImageIDToValidate=80866&amp;Keyword=house\" rel=\"attachment wp-att-6364\"><img loading=\"lazy\" decoding=\"async\" class=\"alignnone size-thumbnail wp-image-6364\" src=\"http:\/\/cubica.dk\/wp-content\/uploads\/2014\/03\/house_doctor_boxsaet_mixed_blaa_groen-150x150.jpg\" alt=\"house_doctor_boxsaet_mixed_blaa_groen\" width=\"150\" height=\"150\" srcset=\"https:\/\/www.cubica.dk\/wp-content\/uploads\/2014\/03\/house_doctor_boxsaet_mixed_blaa_groen-150x150.jpg 150w, https:\/\/www.cubica.dk\/wp-content\/uploads\/2014\/03\/house_doctor_boxsaet_mixed_blaa_groen-300x300.jpg 300w, https:\/\/www.cubica.dk\/wp-content\/uploads\/2014\/03\/house_doctor_boxsaet_mixed_blaa_groen.jpg 600w\" sizes=\"auto, (max-width: 150px) 100vw, 150px\" \/><\/a> <a href=\"http:\/\/www.boxdelux.dk\/shop\/search-1.html?CapchaImageText=jliuc&amp;CapchaImageIDToValidate=80866&amp;Keyword=house\" rel=\"attachment wp-att-6367\"><img loading=\"lazy\" decoding=\"async\" class=\"alignnone size-thumbnail wp-image-6367\" src=\"http:\/\/cubica.dk\/wp-content\/uploads\/2014\/03\/house_doctor_skammel_ace_sort-150x150.jpg\" alt=\"house_doctor_skammel_ace_sort\" width=\"150\" height=\"150\" srcset=\"https:\/\/www.cubica.dk\/wp-content\/uploads\/2014\/03\/house_doctor_skammel_ace_sort-150x150.jpg 150w, https:\/\/www.cubica.dk\/wp-content\/uploads\/2014\/03\/house_doctor_skammel_ace_sort-300x300.jpg 300w, https:\/\/www.cubica.dk\/wp-content\/uploads\/2014\/03\/house_doctor_skammel_ace_sort.jpg 600w\" sizes=\"auto, (max-width: 150px) 100vw, 150px\" \/><\/a> <a href=\"http:\/\/www.boxdelux.dk\/shop\/search-1.html?CapchaImageText=jliuc&amp;CapchaImageIDToValidate=80866&amp;Keyword=house\" rel=\"attachment wp-att-6368\"><img loading=\"lazy\" decoding=\"async\" class=\"alignnone size-thumbnail wp-image-6368\" src=\"http:\/\/cubica.dk\/wp-content\/uploads\/2014\/03\/house_doctor_taske_shopper_kanvas_partisan-150x150.jpg\" alt=\"house_doctor_taske_shopper_kanvas_partisan\" width=\"150\" height=\"150\" srcset=\"https:\/\/www.cubica.dk\/wp-content\/uploads\/2014\/03\/house_doctor_taske_shopper_kanvas_partisan-150x150.jpg 150w, https:\/\/www.cubica.dk\/wp-content\/uploads\/2014\/03\/house_doctor_taske_shopper_kanvas_partisan-300x300.jpg 300w, https:\/\/www.cubica.dk\/wp-content\/uploads\/2014\/03\/house_doctor_taske_shopper_kanvas_partisan.jpg 600w\" sizes=\"auto, (max-width: 150px) 100vw, 150px\" \/><\/a> <a href=\"http:\/\/www.boxdelux.dk\/shop\/search-1.html?CapchaImageText=jliuc&amp;CapchaImageIDToValidate=80866&amp;Keyword=house\" rel=\"attachment wp-att-6369\"><img loading=\"lazy\" decoding=\"async\" class=\"alignnone size-thumbnail wp-image-6369\" src=\"http:\/\/cubica.dk\/wp-content\/uploads\/2014\/03\/house_doctor_tool_box_thunderblue-150x150.jpg\" alt=\"house_doctor_tool_box_thunderblue\" width=\"150\" height=\"150\" srcset=\"https:\/\/www.cubica.dk\/wp-content\/uploads\/2014\/03\/house_doctor_tool_box_thunderblue-150x150.jpg 150w, https:\/\/www.cubica.dk\/wp-content\/uploads\/2014\/03\/house_doctor_tool_box_thunderblue-300x300.jpg 300w, https:\/\/www.cubica.dk\/wp-content\/uploads\/2014\/03\/house_doctor_tool_box_thunderblue.jpg 600w\" sizes=\"auto, (max-width: 150px) 100vw, 150px\" \/><\/a> <a href=\"http:\/\/www.boxdelux.dk\/shop\/search-1.html?CapchaImageText=jliuc&amp;CapchaImageIDToValidate=80866&amp;Keyword=house\" rel=\"attachment wp-att-6370\"><img loading=\"lazy\" decoding=\"async\" class=\"alignnone size-thumbnail wp-image-6370\" src=\"http:\/\/cubica.dk\/wp-content\/uploads\/2014\/03\/house_doctor_vase_3_graa-150x150.jpg\" alt=\"house_doctor_vase_3_graa\" width=\"150\" height=\"150\" srcset=\"https:\/\/www.cubica.dk\/wp-content\/uploads\/2014\/03\/house_doctor_vase_3_graa-150x150.jpg 150w, https:\/\/www.cubica.dk\/wp-content\/uploads\/2014\/03\/house_doctor_vase_3_graa-300x300.jpg 300w, https:\/\/www.cubica.dk\/wp-content\/uploads\/2014\/03\/house_doctor_vase_3_graa.jpg 600w\" sizes=\"auto, (max-width: 150px) 100vw, 150px\" \/><\/a><\/p>\n","protected":false},"excerpt":{"rendered":"<p>House Doctor En af vores st\u00f8rste leverand\u00f8rer er House Doctor, hvor vi forhandler et meget stort udvalg af deres sortiment online. House Doctor er endnu et dansk firma. House Doctor er familiedrevet og beliggende i Ikast med forhandlere over hele verden. Deres stil beskriver de som v\u00e6rende provokerende, personlig og ikke alt for formel. De [&hellip;]<\/p>\n","protected":false},"author":2,"featured_media":0,"parent":4973,"menu_order":0,"comment_status":"closed","ping_status":"closed","template":"","meta":{"om_disable_all_campaigns":false,"_monsterinsights_skip_tracking":false,"_monsterinsights_sitenote_active":false,"_monsterinsights_sitenote_note":"","_monsterinsights_sitenote_category":0,"ngg_post_thumbnail":0,"footnotes":""},"class_list":["post-4986","page","type-page","status-publish","hentry"],"aioseo_notices":[],"_links":{"self":[{"href":"https:\/\/www.cubica.dk\/index.php?rest_route=\/wp\/v2\/pages\/4986","targetHints":{"allow":["GET"]}}],"collection":[{"href":"https:\/\/www.cubica.dk\/index.php?rest_route=\/wp\/v2\/pages"}],"about":[{"href":"https:\/\/www.cubica.dk\/index.php?rest_route=\/wp\/v2\/types\/page"}],"author":[{"embeddable":true,"href":"https:\/\/www.cubica.dk\/index.php?rest_route=\/wp\/v2\/users\/2"}],"replies":[{"embeddable":true,"href":"https:\/\/www.cubica.dk\/index.php?rest_route=%2Fwp%2Fv2%2Fcomments&post=4986"}],"version-history":[{"count":8,"href":"https:\/\/www.cubica.dk\/index.php?rest_route=\/wp\/v2\/pages\/4986\/revisions"}],"predecessor-version":[{"id":7155,"href":"https:\/\/www.cubica.dk\/index.php?rest_route=\/wp\/v2\/pages\/4986\/revisions\/7155"}],"up":[{"embeddable":true,"href":"https:\/\/www.cubica.dk\/index.php?rest_route=\/wp\/v2\/pages\/4973"}],"wp:attachment":[{"href":"https:\/\/www.cubica.dk\/index.php?rest_route=%2Fwp%2Fv2%2Fmedia&parent=4986"}],"curies":[{"name":"wp","href":"https:\/\/api.w.org\/{rel}","templated":true}]}}