{"id":4988,"date":"2014-03-03T12:02:14","date_gmt":"2014-03-03T10:02:14","guid":{"rendered":"http:\/\/cubica.dk\/?page_id=4988"},"modified":"2017-06-27T21:12:43","modified_gmt":"2017-06-27T19:12:43","slug":"rice","status":"publish","type":"page","link":"https:\/\/www.cubica.dk\/?page_id=4988","title":{"rendered":"Rice"},"content":{"rendered":"<h1>Rice<\/h1>\n<p>Rice er dansk firma fra Odense. De er kendt for deres farverige melamin, h\u00e5ndlavede kurve og opbevaring, og det h\u00e5ndglaseret italienske service. Deres design er inspireret af &#8220;de gode gamle dage&#8221;, og er meget &#8220;nede p\u00e5 jorden&#8221; med masser af detaljer. De vil gerne \u201cfarve dig glad\u201d, n\u00e5r du vasker op, g\u00f8r rent, bager eller bare slapper af derhjemme.<\/p>\n<p>Produkterne bliver fremstillet i Madagaskar og deres melamin er godkendt af sundhedsmyndighederne og testet sikker til mad. Derfor garantere de, at de ikke indeholder Bisphenol-A, phthalater og t\u00e5ler opvaskemaskine. De har udviklet en lille m\u00e6rkat til at s\u00e6tte p\u00e5 melamin elementerne, som vil g\u00f8re det lettere for dig at identificere den oprindelige Rice kvalitet.<\/p>\n<p>Se og k\u00f8b<a href=\"https:\/\/www.boxdelux.dk\/shop\/rice-470c1.html\"> Rice her<\/a><\/p>\n<p><a href=\"http:\/\/www.boxdelux.dk\/shop\/search-1.html?keyword=Rice\" rel=\"attachment wp-att-6432\"><img loading=\"lazy\" decoding=\"async\" class=\"alignnone wp-image-6432\" src=\"http:\/\/cubica.dk\/wp-content\/uploads\/2014\/03\/rice_miljoe_spring16-1.jpg\" alt=\"RICE kurve\" width=\"280\" height=\"280\" srcset=\"https:\/\/www.cubica.dk\/wp-content\/uploads\/2014\/03\/rice_miljoe_spring16-1.jpg 600w, https:\/\/www.cubica.dk\/wp-content\/uploads\/2014\/03\/rice_miljoe_spring16-1-150x150.jpg 150w, https:\/\/www.cubica.dk\/wp-content\/uploads\/2014\/03\/rice_miljoe_spring16-1-300x300.jpg 300w\" sizes=\"auto, (max-width: 280px) 100vw, 280px\" \/><\/a>&nbsp; &nbsp; &nbsp; &nbsp;<a href=\"http:\/\/www.boxdelux.dk\/shop\/search-1.html?keyword=Rice\" rel=\"attachment wp-att-6433\"><img loading=\"lazy\" decoding=\"async\" class=\"alignnone wp-image-6433\" src=\"http:\/\/cubica.dk\/wp-content\/uploads\/2014\/03\/rice_miljoe_spring16-4.jpg\" alt=\"RICE kurve\" width=\"280\" height=\"280\" srcset=\"https:\/\/www.cubica.dk\/wp-content\/uploads\/2014\/03\/rice_miljoe_spring16-4.jpg 600w, https:\/\/www.cubica.dk\/wp-content\/uploads\/2014\/03\/rice_miljoe_spring16-4-150x150.jpg 150w, https:\/\/www.cubica.dk\/wp-content\/uploads\/2014\/03\/rice_miljoe_spring16-4-300x300.jpg 300w\" sizes=\"auto, (max-width: 280px) 100vw, 280px\" \/><\/a>&nbsp; &nbsp; &nbsp; &nbsp;<a href=\"http:\/\/www.boxdelux.dk\/shop\/search-1.html?keyword=Rice\" rel=\"attachment wp-att-6434\"><img loading=\"lazy\" decoding=\"async\" class=\"alignnone wp-image-6434\" src=\"http:\/\/cubica.dk\/wp-content\/uploads\/2014\/03\/rice_miljoe_spring16-6.jpg\" alt=\"RICE kurve\" width=\"280\" height=\"280\" srcset=\"https:\/\/www.cubica.dk\/wp-content\/uploads\/2014\/03\/rice_miljoe_spring16-6.jpg 600w, https:\/\/www.cubica.dk\/wp-content\/uploads\/2014\/03\/rice_miljoe_spring16-6-150x150.jpg 150w, https:\/\/www.cubica.dk\/wp-content\/uploads\/2014\/03\/rice_miljoe_spring16-6-300x300.jpg 300w\" sizes=\"auto, (max-width: 280px) 100vw, 280px\" \/><\/a><\/p>\n<p><a href=\"http:\/\/www.boxdelux.dk\/shop\/search-1.html?keyword=Rice\" rel=\"attachment wp-att-6438\"><img loading=\"lazy\" decoding=\"async\" class=\"alignnone size-thumbnail wp-image-6438\" src=\"http:\/\/cubica.dk\/wp-content\/uploads\/2014\/03\/rice_raffia_kurv_hank_lilla_natur_guld-150x150.jpg\" alt=\"RICE kurve\" width=\"150\" height=\"150\" srcset=\"https:\/\/www.cubica.dk\/wp-content\/uploads\/2014\/03\/rice_raffia_kurv_hank_lilla_natur_guld-150x150.jpg 150w, https:\/\/www.cubica.dk\/wp-content\/uploads\/2014\/03\/rice_raffia_kurv_hank_lilla_natur_guld-300x300.jpg 300w, https:\/\/www.cubica.dk\/wp-content\/uploads\/2014\/03\/rice_raffia_kurv_hank_lilla_natur_guld.jpg 600w\" sizes=\"auto, (max-width: 150px) 100vw, 150px\" \/><\/a><a href=\"http:\/\/www.boxdelux.dk\/shop\/search-1.html?keyword=Rice\" rel=\"attachment wp-att-6436\"><img loading=\"lazy\" decoding=\"async\" class=\"alignnone size-thumbnail wp-image-6436\" src=\"http:\/\/cubica.dk\/wp-content\/uploads\/2014\/03\/rice_melamin_gafler_bright_colors-150x150.jpg\" alt=\"rice_melamin_gafler_bright_colors\" width=\"150\" height=\"150\" srcset=\"https:\/\/www.cubica.dk\/wp-content\/uploads\/2014\/03\/rice_melamin_gafler_bright_colors-150x150.jpg 150w, https:\/\/www.cubica.dk\/wp-content\/uploads\/2014\/03\/rice_melamin_gafler_bright_colors-300x300.jpg 300w, https:\/\/www.cubica.dk\/wp-content\/uploads\/2014\/03\/rice_melamin_gafler_bright_colors.jpg 600w\" sizes=\"auto, (max-width: 150px) 100vw, 150px\" \/><\/a> <a href=\"http:\/\/www.boxdelux.dk\/shop\/search-1.html?keyword=Rice\" rel=\"attachment wp-att-6439\"><img loading=\"lazy\" decoding=\"async\" class=\"alignnone size-thumbnail wp-image-6439\" src=\"http:\/\/cubica.dk\/wp-content\/uploads\/2014\/03\/ricemelamin_krus_go_for_fun-150x150.jpg\" alt=\"ricemelamin_krus_go_for_fun\" width=\"150\" height=\"150\" srcset=\"https:\/\/www.cubica.dk\/wp-content\/uploads\/2014\/03\/ricemelamin_krus_go_for_fun-150x150.jpg 150w, https:\/\/www.cubica.dk\/wp-content\/uploads\/2014\/03\/ricemelamin_krus_go_for_fun-300x300.jpg 300w, https:\/\/www.cubica.dk\/wp-content\/uploads\/2014\/03\/ricemelamin_krus_go_for_fun.jpg 600w\" sizes=\"auto, (max-width: 150px) 100vw, 150px\" \/><\/a> <a href=\"http:\/\/www.boxdelux.dk\/shop\/search-1.html?keyword=Rice\" rel=\"attachment wp-att-6440\"><img loading=\"lazy\" decoding=\"async\" class=\"alignnone size-thumbnail wp-image-6440\" src=\"http:\/\/cubica.dk\/wp-content\/uploads\/2014\/03\/metaldaaser_fra_rice_opbevaring_3stk-150x150.jpg\" alt=\"metaldaaser_fra_rice_opbevaring_3stk\" width=\"150\" height=\"150\" srcset=\"https:\/\/www.cubica.dk\/wp-content\/uploads\/2014\/03\/metaldaaser_fra_rice_opbevaring_3stk-150x150.jpg 150w, https:\/\/www.cubica.dk\/wp-content\/uploads\/2014\/03\/metaldaaser_fra_rice_opbevaring_3stk-300x300.jpg 300w, https:\/\/www.cubica.dk\/wp-content\/uploads\/2014\/03\/metaldaaser_fra_rice_opbevaring_3stk.jpg 600w\" sizes=\"auto, (max-width: 150px) 100vw, 150px\" \/><\/a> <a href=\"http:\/\/www.boxdelux.dk\/shop\/search-1.html?keyword=Rice\" rel=\"attachment wp-att-6441\"><img loading=\"lazy\" decoding=\"async\" class=\"alignnone size-thumbnail wp-image-6441\" src=\"http:\/\/cubica.dk\/wp-content\/uploads\/2014\/03\/plasttaeppe_blaa_elfenbeb_rice-150x150.jpg\" alt=\"plasttaeppe_blaa_elfenbeb_rice\" width=\"150\" height=\"150\" srcset=\"https:\/\/www.cubica.dk\/wp-content\/uploads\/2014\/03\/plasttaeppe_blaa_elfenbeb_rice-150x150.jpg 150w, https:\/\/www.cubica.dk\/wp-content\/uploads\/2014\/03\/plasttaeppe_blaa_elfenbeb_rice-300x300.jpg 300w, https:\/\/www.cubica.dk\/wp-content\/uploads\/2014\/03\/plasttaeppe_blaa_elfenbeb_rice.jpg 600w\" sizes=\"auto, (max-width: 150px) 100vw, 150px\" \/><\/a><a href=\"http:\/\/www.boxdelux.dk\/shop\/search-1.html?keyword=Rice\" rel=\"attachment wp-att-6437\"><img loading=\"lazy\" decoding=\"async\" class=\"alignnone size-thumbnail wp-image-6437\" src=\"http:\/\/cubica.dk\/wp-content\/uploads\/2014\/03\/rice_opbevaring_hus_kasse_legetoej_stor_cowboy-150x150.jpg\" alt=\"RICE kurve\" width=\"150\" height=\"150\" srcset=\"https:\/\/www.cubica.dk\/wp-content\/uploads\/2014\/03\/rice_opbevaring_hus_kasse_legetoej_stor_cowboy-150x150.jpg 150w, https:\/\/www.cubica.dk\/wp-content\/uploads\/2014\/03\/rice_opbevaring_hus_kasse_legetoej_stor_cowboy-300x300.jpg 300w, https:\/\/www.cubica.dk\/wp-content\/uploads\/2014\/03\/rice_opbevaring_hus_kasse_legetoej_stor_cowboy.jpg 600w\" sizes=\"auto, (max-width: 150px) 100vw, 150px\" \/><\/a><\/p>\n","protected":false},"excerpt":{"rendered":"<p>Rice Rice er dansk firma fra Odense. De er kendt for deres farverige melamin, h\u00e5ndlavede kurve og opbevaring, og det h\u00e5ndglaseret italienske service. Deres design er inspireret af &#8220;de gode gamle dage&#8221;, og er meget &#8220;nede p\u00e5 jorden&#8221; med masser af detaljer. De vil gerne \u201cfarve dig glad\u201d, n\u00e5r du vasker op, g\u00f8r rent, bager [&hellip;]<\/p>\n","protected":false},"author":2,"featured_media":0,"parent":4973,"menu_order":0,"comment_status":"closed","ping_status":"closed","template":"","meta":{"om_disable_all_campaigns":false,"_monsterinsights_skip_tracking":false,"_monsterinsights_sitenote_active":false,"_monsterinsights_sitenote_note":"","_monsterinsights_sitenote_category":0,"ngg_post_thumbnail":0,"footnotes":""},"class_list":["post-4988","page","type-page","status-publish","hentry"],"aioseo_notices":[],"_links":{"self":[{"href":"https:\/\/www.cubica.dk\/index.php?rest_route=\/wp\/v2\/pages\/4988","targetHints":{"allow":["GET"]}}],"collection":[{"href":"https:\/\/www.cubica.dk\/index.php?rest_route=\/wp\/v2\/pages"}],"about":[{"href":"https:\/\/www.cubica.dk\/index.php?rest_route=\/wp\/v2\/types\/page"}],"author":[{"embeddable":true,"href":"https:\/\/www.cubica.dk\/index.php?rest_route=\/wp\/v2\/users\/2"}],"replies":[{"embeddable":true,"href":"https:\/\/www.cubica.dk\/index.php?rest_route=%2Fwp%2Fv2%2Fcomments&post=4988"}],"version-history":[{"count":6,"href":"https:\/\/www.cubica.dk\/index.php?rest_route=\/wp\/v2\/pages\/4988\/revisions"}],"predecessor-version":[{"id":7168,"href":"https:\/\/www.cubica.dk\/index.php?rest_route=\/wp\/v2\/pages\/4988\/revisions\/7168"}],"up":[{"embeddable":true,"href":"https:\/\/www.cubica.dk\/index.php?rest_route=\/wp\/v2\/pages\/4973"}],"wp:attachment":[{"href":"https:\/\/www.cubica.dk\/index.php?rest_route=%2Fwp%2Fv2%2Fmedia&parent=4988"}],"curies":[{"name":"wp","href":"https:\/\/api.w.org\/{rel}","templated":true}]}}