{"id":4990,"date":"2014-03-03T12:03:05","date_gmt":"2014-03-03T10:03:05","guid":{"rendered":"http:\/\/cubica.dk\/?page_id=4990"},"modified":"2017-06-27T21:04:25","modified_gmt":"2017-06-27T19:04:25","slug":"hachiman-kasai","status":"publish","type":"page","link":"https:\/\/www.cubica.dk\/?page_id=4990","title":{"rendered":"Hachiman Kasai"},"content":{"rendered":"<h1>Hachiman Kasai<\/h1>\n<p>Hachiman Kasai er vores leverand\u00f8r af de fantastiske Omnioutil spande. Firmaet er japansk og har fremstillet og solgt plastprodukter siden 1965. Produkterne har fokus p\u00e5 sikkerhed og komfort, og er gode for milj\u00f8et, de er super farverige og utroligt holdbare. Omnioutil spanden kan eksempelvis holde til 150 kg. og minus 20 grader, s\u00e5 den kan anvendes b\u00e5de indend\u00f8rs og udend\u00f8rs.<span style=\"line-height: 1.5em;\">&nbsp;<\/span><\/p>\n<p>Se og k\u00f8b <a href=\"https:\/\/www.boxdelux.dk\/shop\/hachiman-kasai-476c1.html\">Omnioutil plastikspande her<\/a><\/p>\n<p><a href=\"http:\/\/www.boxdelux.dk\/shop\/search-1.html?keyword=Omnioutil\" rel=\"attachment wp-att-6286\"><img loading=\"lazy\" decoding=\"async\" class=\"alignnone wp-image-6286\" src=\"http:\/\/cubica.dk\/wp-content\/uploads\/2014\/03\/Omnioutil_plastikspande_opbevaring_indendoers_udendoers.jpg\" alt=\"Omnioutil\" width=\"280\" height=\"280\" srcset=\"https:\/\/www.cubica.dk\/wp-content\/uploads\/2014\/03\/Omnioutil_plastikspande_opbevaring_indendoers_udendoers.jpg 600w, https:\/\/www.cubica.dk\/wp-content\/uploads\/2014\/03\/Omnioutil_plastikspande_opbevaring_indendoers_udendoers-150x150.jpg 150w, https:\/\/www.cubica.dk\/wp-content\/uploads\/2014\/03\/Omnioutil_plastikspande_opbevaring_indendoers_udendoers-300x300.jpg 300w\" sizes=\"auto, (max-width: 280px) 100vw, 280px\" \/><\/a>&nbsp; &nbsp; &nbsp; &nbsp;<a href=\"http:\/\/www.boxdelux.dk\/shop\/search-1.html?keyword=Omnioutil\" rel=\"attachment wp-att-6287\"><img loading=\"lazy\" decoding=\"async\" class=\"alignnone wp-image-6287\" src=\"http:\/\/cubica.dk\/wp-content\/uploads\/2014\/03\/Omnioutil_plastikspande_opbevaring_indendoers_udendoers1.jpg\" alt=\"Omnioutil\" width=\"280\" height=\"280\" srcset=\"https:\/\/www.cubica.dk\/wp-content\/uploads\/2014\/03\/Omnioutil_plastikspande_opbevaring_indendoers_udendoers1.jpg 600w, https:\/\/www.cubica.dk\/wp-content\/uploads\/2014\/03\/Omnioutil_plastikspande_opbevaring_indendoers_udendoers1-150x150.jpg 150w, https:\/\/www.cubica.dk\/wp-content\/uploads\/2014\/03\/Omnioutil_plastikspande_opbevaring_indendoers_udendoers1-300x300.jpg 300w\" sizes=\"auto, (max-width: 280px) 100vw, 280px\" \/><\/a>&nbsp; &nbsp; &nbsp; &nbsp;<a href=\"http:\/\/www.boxdelux.dk\/shop\/search-1.html?keyword=Omnioutil\" rel=\"attachment wp-att-6288\"><img loading=\"lazy\" decoding=\"async\" class=\"alignnone wp-image-6288\" src=\"http:\/\/cubica.dk\/wp-content\/uploads\/2014\/03\/Omnioutil_plastikspande_opbevaring_indendoers_udendoers2.jpg\" alt=\"Omnioutil\" width=\"280\" height=\"280\" srcset=\"https:\/\/www.cubica.dk\/wp-content\/uploads\/2014\/03\/Omnioutil_plastikspande_opbevaring_indendoers_udendoers2.jpg 600w, https:\/\/www.cubica.dk\/wp-content\/uploads\/2014\/03\/Omnioutil_plastikspande_opbevaring_indendoers_udendoers2-150x150.jpg 150w, https:\/\/www.cubica.dk\/wp-content\/uploads\/2014\/03\/Omnioutil_plastikspande_opbevaring_indendoers_udendoers2-300x300.jpg 300w\" sizes=\"auto, (max-width: 280px) 100vw, 280px\" \/><\/a><\/p>\n<p><a href=\"http:\/\/www.boxdelux.dk\/shop\/search-1.html?keyword=Omnioutil\" rel=\"attachment wp-att-6291\"><img loading=\"lazy\" decoding=\"async\" class=\"alignnone size-thumbnail wp-image-6291\" src=\"http:\/\/cubica.dk\/wp-content\/uploads\/2014\/03\/omnioutil_spand_opbevaing_hvid_stor-1-150x150.jpg\" alt=\"Omnioutil\" width=\"150\" height=\"150\" srcset=\"https:\/\/www.cubica.dk\/wp-content\/uploads\/2014\/03\/omnioutil_spand_opbevaing_hvid_stor-1-150x150.jpg 150w, https:\/\/www.cubica.dk\/wp-content\/uploads\/2014\/03\/omnioutil_spand_opbevaing_hvid_stor-1-300x300.jpg 300w, https:\/\/www.cubica.dk\/wp-content\/uploads\/2014\/03\/omnioutil_spand_opbevaing_hvid_stor-1.jpg 600w\" sizes=\"auto, (max-width: 150px) 100vw, 150px\" \/><\/a><a href=\"http:\/\/www.boxdelux.dk\/shop\/search-1.html?keyword=Omnioutil\" rel=\"attachment wp-att-6295\"><img loading=\"lazy\" decoding=\"async\" class=\"alignnone size-thumbnail wp-image-6295\" src=\"http:\/\/cubica.dk\/wp-content\/uploads\/2014\/03\/omnioutil_spand_opbevaing_sort_stor-150x150.jpg\" alt=\"Omnioutil\" width=\"150\" height=\"150\" srcset=\"https:\/\/www.cubica.dk\/wp-content\/uploads\/2014\/03\/omnioutil_spand_opbevaing_sort_stor-150x150.jpg 150w, https:\/\/www.cubica.dk\/wp-content\/uploads\/2014\/03\/omnioutil_spand_opbevaing_sort_stor-300x300.jpg 300w, https:\/\/www.cubica.dk\/wp-content\/uploads\/2014\/03\/omnioutil_spand_opbevaing_sort_stor.jpg 600w\" sizes=\"auto, (max-width: 150px) 100vw, 150px\" \/><\/a><a href=\"http:\/\/www.boxdelux.dk\/shop\/search-1.html?keyword=Omnioutil\" rel=\"attachment wp-att-6289\"><img loading=\"lazy\" decoding=\"async\" class=\"alignnone size-thumbnail wp-image-6289\" src=\"http:\/\/cubica.dk\/wp-content\/uploads\/2014\/03\/omnioutil_spand_opbevaing_blaa_stor-150x150.jpg\" alt=\"Omnioutil\" width=\"150\" height=\"150\" srcset=\"https:\/\/www.cubica.dk\/wp-content\/uploads\/2014\/03\/omnioutil_spand_opbevaing_blaa_stor-150x150.jpg 150w, https:\/\/www.cubica.dk\/wp-content\/uploads\/2014\/03\/omnioutil_spand_opbevaing_blaa_stor-300x300.jpg 300w, https:\/\/www.cubica.dk\/wp-content\/uploads\/2014\/03\/omnioutil_spand_opbevaing_blaa_stor.jpg 600w\" sizes=\"auto, (max-width: 150px) 100vw, 150px\" \/><\/a> <a href=\"http:\/\/www.boxdelux.dk\/shop\/search-1.html?keyword=Omnioutil\" rel=\"attachment wp-att-6292\"><img loading=\"lazy\" decoding=\"async\" class=\"alignnone size-thumbnail wp-image-6292\" src=\"http:\/\/cubica.dk\/wp-content\/uploads\/2014\/03\/omnioutil_spand_opbevaing_lyseroed_stor-150x150.jpg\" alt=\"Omnioutil\" width=\"150\" height=\"150\" srcset=\"https:\/\/www.cubica.dk\/wp-content\/uploads\/2014\/03\/omnioutil_spand_opbevaing_lyseroed_stor-150x150.jpg 150w, https:\/\/www.cubica.dk\/wp-content\/uploads\/2014\/03\/omnioutil_spand_opbevaing_lyseroed_stor-300x300.jpg 300w, https:\/\/www.cubica.dk\/wp-content\/uploads\/2014\/03\/omnioutil_spand_opbevaing_lyseroed_stor.jpg 600w\" sizes=\"auto, (max-width: 150px) 100vw, 150px\" \/><\/a><a href=\"http:\/\/www.boxdelux.dk\/shop\/search-1.html?keyword=Omnioutil\" rel=\"attachment wp-att-6294\"><img loading=\"lazy\" decoding=\"async\" class=\"alignnone size-thumbnail wp-image-6294\" src=\"http:\/\/cubica.dk\/wp-content\/uploads\/2014\/03\/omnioutil_spand_opbevaing_pink_stor-150x150.jpg\" alt=\"Omnioutil\" width=\"150\" height=\"150\" srcset=\"https:\/\/www.cubica.dk\/wp-content\/uploads\/2014\/03\/omnioutil_spand_opbevaing_pink_stor-150x150.jpg 150w, https:\/\/www.cubica.dk\/wp-content\/uploads\/2014\/03\/omnioutil_spand_opbevaing_pink_stor-300x300.jpg 300w, https:\/\/www.cubica.dk\/wp-content\/uploads\/2014\/03\/omnioutil_spand_opbevaing_pink_stor.jpg 600w\" sizes=\"auto, (max-width: 150px) 100vw, 150px\" \/><\/a><a href=\"http:\/\/www.boxdelux.dk\/shop\/search-1.html?keyword=Omnioutil\" rel=\"attachment wp-att-6292\"><img loading=\"lazy\" decoding=\"async\" class=\"alignnone size-thumbnail wp-image-6293\" src=\"http:\/\/cubica.dk\/wp-content\/uploads\/2014\/03\/omnioutil_spand_opbevaing_orange_stor-150x150.jpg\" alt=\"Omnioutil\" width=\"150\" height=\"150\" srcset=\"https:\/\/www.cubica.dk\/wp-content\/uploads\/2014\/03\/omnioutil_spand_opbevaing_orange_stor-150x150.jpg 150w, https:\/\/www.cubica.dk\/wp-content\/uploads\/2014\/03\/omnioutil_spand_opbevaing_orange_stor-300x300.jpg 300w, https:\/\/www.cubica.dk\/wp-content\/uploads\/2014\/03\/omnioutil_spand_opbevaing_orange_stor.jpg 600w\" sizes=\"auto, (max-width: 150px) 100vw, 150px\" \/><\/a><\/p>\n","protected":false},"excerpt":{"rendered":"<p>Hachiman Kasai Hachiman Kasai er vores leverand\u00f8r af de fantastiske Omnioutil spande. Firmaet er japansk og har fremstillet og solgt plastprodukter siden 1965. Produkterne har fokus p\u00e5 sikkerhed og komfort, og er gode for milj\u00f8et, de er super farverige og utroligt holdbare. Omnioutil spanden kan eksempelvis holde til 150 kg. og minus 20 grader, s\u00e5 [&hellip;]<\/p>\n","protected":false},"author":2,"featured_media":0,"parent":4973,"menu_order":0,"comment_status":"closed","ping_status":"closed","template":"","meta":{"om_disable_all_campaigns":false,"_monsterinsights_skip_tracking":false,"_monsterinsights_sitenote_active":false,"_monsterinsights_sitenote_note":"","_monsterinsights_sitenote_category":0,"ngg_post_thumbnail":0,"footnotes":""},"class_list":["post-4990","page","type-page","status-publish","hentry"],"aioseo_notices":[],"_links":{"self":[{"href":"https:\/\/www.cubica.dk\/index.php?rest_route=\/wp\/v2\/pages\/4990","targetHints":{"allow":["GET"]}}],"collection":[{"href":"https:\/\/www.cubica.dk\/index.php?rest_route=\/wp\/v2\/pages"}],"about":[{"href":"https:\/\/www.cubica.dk\/index.php?rest_route=\/wp\/v2\/types\/page"}],"author":[{"embeddable":true,"href":"https:\/\/www.cubica.dk\/index.php?rest_route=\/wp\/v2\/users\/2"}],"replies":[{"embeddable":true,"href":"https:\/\/www.cubica.dk\/index.php?rest_route=%2Fwp%2Fv2%2Fcomments&post=4990"}],"version-history":[{"count":8,"href":"https:\/\/www.cubica.dk\/index.php?rest_route=\/wp\/v2\/pages\/4990\/revisions"}],"predecessor-version":[{"id":7151,"href":"https:\/\/www.cubica.dk\/index.php?rest_route=\/wp\/v2\/pages\/4990\/revisions\/7151"}],"up":[{"embeddable":true,"href":"https:\/\/www.cubica.dk\/index.php?rest_route=\/wp\/v2\/pages\/4973"}],"wp:attachment":[{"href":"https:\/\/www.cubica.dk\/index.php?rest_route=%2Fwp%2Fv2%2Fmedia&parent=4990"}],"curies":[{"name":"wp","href":"https:\/\/api.w.org\/{rel}","templated":true}]}}