{"id":4992,"date":"2014-03-03T12:04:11","date_gmt":"2014-03-03T10:04:11","guid":{"rendered":"http:\/\/cubica.dk\/?page_id=4992"},"modified":"2017-06-27T21:14:14","modified_gmt":"2017-06-27T19:14:14","slug":"the-oak-men","status":"publish","type":"page","link":"https:\/\/www.cubica.dk\/?page_id=4992","title":{"rendered":"The Oak Men"},"content":{"rendered":"<h1 dir=\"ltr\">The Oak Men<\/h1>\n<p dir=\"ltr\">Dette danske firma har beliggenhed i \u00c5rhus. De er mest kendte for deres signatur produkt \u201cThe Box\u201d i tre forskellige st\u00f8rrelser. De laves i eg natur eller sort olieret eg og l\u00e5get i forskellige farver. De popul\u00e6re tavler fra The Oak Men er fremstillet i en r\u00e5 stil, rammen af eg og der findes ikke to ens.<\/p>\n<p>H\u00e6ng dine yndlingsopskrifter, k\u00e6rlighedsbreve og fotos med de medf\u00f8lgende eg magneter.<\/p>\n<p>Se og k\u00f8b<a href=\"https:\/\/www.boxdelux.dk\/shop\/the-oak-men-471c1.html\"> The Oak Men her<\/a><\/p>\n<p><a href=\"http:\/\/www.boxdelux.dk\/shop\/search-1.html?keyword=oak\" rel=\"attachment wp-att-6455\"><img loading=\"lazy\" decoding=\"async\" class=\"alignnone wp-image-6451\" src=\"http:\/\/cubica.dk\/wp-content\/uploads\/2014\/03\/oakmen_miljoe-1.jpg\" alt=\"oakmen_miljoe (1)\" width=\"280\" height=\"280\" srcset=\"https:\/\/www.cubica.dk\/wp-content\/uploads\/2014\/03\/oakmen_miljoe-1.jpg 600w, https:\/\/www.cubica.dk\/wp-content\/uploads\/2014\/03\/oakmen_miljoe-1-150x150.jpg 150w, https:\/\/www.cubica.dk\/wp-content\/uploads\/2014\/03\/oakmen_miljoe-1-300x300.jpg 300w\" sizes=\"auto, (max-width: 280px) 100vw, 280px\" \/>&nbsp; &nbsp; &nbsp;&nbsp;<img loading=\"lazy\" decoding=\"async\" class=\"alignnone wp-image-6455\" src=\"http:\/\/cubica.dk\/wp-content\/uploads\/2014\/03\/oakmen_noteboard-1.jpg\" alt=\"oakmen_noteboard\" width=\"280\" height=\"280\" srcset=\"https:\/\/www.cubica.dk\/wp-content\/uploads\/2014\/03\/oakmen_noteboard-1.jpg 500w, https:\/\/www.cubica.dk\/wp-content\/uploads\/2014\/03\/oakmen_noteboard-1-150x150.jpg 150w, https:\/\/www.cubica.dk\/wp-content\/uploads\/2014\/03\/oakmen_noteboard-1-300x300.jpg 300w\" sizes=\"auto, (max-width: 280px) 100vw, 280px\" \/><\/a>&nbsp; &nbsp; &nbsp;&nbsp;<a href=\"http:\/\/www.boxdelux.dk\/shop\/search-1.html?keyword=oak\" rel=\"attachment wp-att-6453\"><img loading=\"lazy\" decoding=\"async\" class=\"alignnone wp-image-6453\" src=\"http:\/\/cubica.dk\/wp-content\/uploads\/2014\/03\/oakmennoteboard_close.jpg\" alt=\"oakmennoteboard_close\" width=\"280\" height=\"280\" srcset=\"https:\/\/www.cubica.dk\/wp-content\/uploads\/2014\/03\/oakmennoteboard_close.jpg 500w, https:\/\/www.cubica.dk\/wp-content\/uploads\/2014\/03\/oakmennoteboard_close-150x150.jpg 150w, https:\/\/www.cubica.dk\/wp-content\/uploads\/2014\/03\/oakmennoteboard_close-300x300.jpg 300w\" sizes=\"auto, (max-width: 280px) 100vw, 280px\" \/><\/a><\/p>\n","protected":false},"excerpt":{"rendered":"<p>The Oak Men Dette danske firma har beliggenhed i \u00c5rhus. De er mest kendte for deres signatur produkt \u201cThe Box\u201d i tre forskellige st\u00f8rrelser. De laves i eg natur eller sort olieret eg og l\u00e5get i forskellige farver. De popul\u00e6re tavler fra The Oak Men er fremstillet i en r\u00e5 stil, rammen af eg og [&hellip;]<\/p>\n","protected":false},"author":2,"featured_media":0,"parent":4973,"menu_order":0,"comment_status":"closed","ping_status":"closed","template":"","meta":{"om_disable_all_campaigns":false,"_monsterinsights_skip_tracking":false,"_monsterinsights_sitenote_active":false,"_monsterinsights_sitenote_note":"","_monsterinsights_sitenote_category":0,"ngg_post_thumbnail":0,"footnotes":""},"class_list":["post-4992","page","type-page","status-publish","hentry"],"aioseo_notices":[],"_links":{"self":[{"href":"https:\/\/www.cubica.dk\/index.php?rest_route=\/wp\/v2\/pages\/4992","targetHints":{"allow":["GET"]}}],"collection":[{"href":"https:\/\/www.cubica.dk\/index.php?rest_route=\/wp\/v2\/pages"}],"about":[{"href":"https:\/\/www.cubica.dk\/index.php?rest_route=\/wp\/v2\/types\/page"}],"author":[{"embeddable":true,"href":"https:\/\/www.cubica.dk\/index.php?rest_route=\/wp\/v2\/users\/2"}],"replies":[{"embeddable":true,"href":"https:\/\/www.cubica.dk\/index.php?rest_route=%2Fwp%2Fv2%2Fcomments&post=4992"}],"version-history":[{"count":7,"href":"https:\/\/www.cubica.dk\/index.php?rest_route=\/wp\/v2\/pages\/4992\/revisions"}],"predecessor-version":[{"id":7172,"href":"https:\/\/www.cubica.dk\/index.php?rest_route=\/wp\/v2\/pages\/4992\/revisions\/7172"}],"up":[{"embeddable":true,"href":"https:\/\/www.cubica.dk\/index.php?rest_route=\/wp\/v2\/pages\/4973"}],"wp:attachment":[{"href":"https:\/\/www.cubica.dk\/index.php?rest_route=%2Fwp%2Fv2%2Fmedia&parent=4992"}],"curies":[{"name":"wp","href":"https:\/\/api.w.org\/{rel}","templated":true}]}}