{"id":5000,"date":"2014-03-03T12:12:41","date_gmt":"2014-03-03T10:12:41","guid":{"rendered":"http:\/\/cubica.dk\/?page_id=5000"},"modified":"2017-06-27T21:05:11","modified_gmt":"2017-06-27T19:05:11","slug":"horredsmatten","status":"publish","type":"page","link":"https:\/\/www.cubica.dk\/?page_id=5000","title":{"rendered":"Horredsmattan"},"content":{"rendered":"<h1>Horredsmattan<\/h1>\n<p>Horredsmattan er det svenske firma, der leverer nogle af vores t\u00e6pper. Firmaet begyndte at v\u00e6ve t\u00e6pper i Horred i 1950&#8217;erne i en meget anderledes stil. En succes der har varet frem til i dag. T\u00e6pperne er produceret til at holde et helt liv. En Horred m\u00e5tte er ikke forbipasserende trend. Den er designet og v\u00e6vet fra et h\u00e5ndv\u00e6rk af tradition, hvor funktionalitet og kvalitet g\u00e5r h\u00e5nd i h\u00e5nd med \u00e6stetikken. Horredsmattan f\u00f8lger udviklingen af \u200b\u200bnye materialer, farvekombinationer og m\u00f8nstre. De laver m\u00e5tter af plastic, garn og en blanding imellem disse. M\u00e5tterne er lavet p\u00e5 en energibesparende m\u00e5de og af b\u00e6redygtige materiale og har en helt utrolig holdbarhed.<\/p>\n<p>\u00d8nsker man at skifte sin gamle m\u00e5tte ud, kan man sende den tilbage til Horredsmattan, s\u00e5 den kan bruges til genbrug.<\/p>\n<p>Se og k\u00f8b <a href=\"https:\/\/www.boxdelux.dk\/shop\/horredsmattan-491c1.html\">Horredsmattan her<\/a><\/p>\n<p><a href=\"http:\/\/www.boxdelux.dk\/shop\/search-1.html?keyword=horreds\" rel=\"attachment wp-att-6352\"><img loading=\"lazy\" decoding=\"async\" class=\"alignnone size-thumbnail wp-image-6352\" src=\"http:\/\/cubica.dk\/wp-content\/uploads\/2014\/03\/plasttaeppe_horredsmattan_blogg_cerise-150x150.jpg\" alt=\"plasttaeppe_horredsmattan_blogg_cerise\" width=\"150\" height=\"150\" srcset=\"https:\/\/www.cubica.dk\/wp-content\/uploads\/2014\/03\/plasttaeppe_horredsmattan_blogg_cerise-150x150.jpg 150w, https:\/\/www.cubica.dk\/wp-content\/uploads\/2014\/03\/plasttaeppe_horredsmattan_blogg_cerise-300x300.jpg 300w, https:\/\/www.cubica.dk\/wp-content\/uploads\/2014\/03\/plasttaeppe_horredsmattan_blogg_cerise.jpg 600w\" sizes=\"auto, (max-width: 150px) 100vw, 150px\" \/><\/a> <a href=\"http:\/\/www.boxdelux.dk\/shop\/search-1.html?keyword=horreds\" rel=\"attachment wp-att-6353\"><img loading=\"lazy\" decoding=\"async\" class=\"alignnone size-thumbnail wp-image-6353\" src=\"http:\/\/cubica.dk\/wp-content\/uploads\/2014\/03\/plasttaeppe_horredsmattan_blogg_turkis-150x150.jpg\" alt=\"plasttaeppe_horredsmattan_blogg_turkis\" width=\"150\" height=\"150\" srcset=\"https:\/\/www.cubica.dk\/wp-content\/uploads\/2014\/03\/plasttaeppe_horredsmattan_blogg_turkis-150x150.jpg 150w, https:\/\/www.cubica.dk\/wp-content\/uploads\/2014\/03\/plasttaeppe_horredsmattan_blogg_turkis-300x300.jpg 300w, https:\/\/www.cubica.dk\/wp-content\/uploads\/2014\/03\/plasttaeppe_horredsmattan_blogg_turkis.jpg 600w\" sizes=\"auto, (max-width: 150px) 100vw, 150px\" \/><\/a> <a href=\"http:\/\/www.boxdelux.dk\/shop\/search-1.html?keyword=horreds\" rel=\"attachment wp-att-6354\"><img loading=\"lazy\" decoding=\"async\" class=\"alignnone size-thumbnail wp-image-6354\" src=\"http:\/\/cubica.dk\/wp-content\/uploads\/2014\/03\/plasttaeppe_horredsmattan_pir_ljung_lyseroed-150x150.jpg\" alt=\"Horredsmattan hos BOXdeLUX.dk\" width=\"150\" height=\"150\" srcset=\"https:\/\/www.cubica.dk\/wp-content\/uploads\/2014\/03\/plasttaeppe_horredsmattan_pir_ljung_lyseroed-150x150.jpg 150w, https:\/\/www.cubica.dk\/wp-content\/uploads\/2014\/03\/plasttaeppe_horredsmattan_pir_ljung_lyseroed-300x300.jpg 300w, https:\/\/www.cubica.dk\/wp-content\/uploads\/2014\/03\/plasttaeppe_horredsmattan_pir_ljung_lyseroed.jpg 600w\" sizes=\"auto, (max-width: 150px) 100vw, 150px\" \/><\/a> <a href=\"http:\/\/www.boxdelux.dk\/shop\/search-1.html?keyword=horreds\" rel=\"attachment wp-att-6355\"><img loading=\"lazy\" decoding=\"async\" class=\"alignnone size-thumbnail wp-image-6355\" src=\"http:\/\/cubica.dk\/wp-content\/uploads\/2014\/03\/plasttaeppe_horredsmattan_sally_blaa-150x150.jpg\" alt=\"plasttaeppe_horredsmattan_sally_blaa\" width=\"150\" height=\"150\" srcset=\"https:\/\/www.cubica.dk\/wp-content\/uploads\/2014\/03\/plasttaeppe_horredsmattan_sally_blaa-150x150.jpg 150w, https:\/\/www.cubica.dk\/wp-content\/uploads\/2014\/03\/plasttaeppe_horredsmattan_sally_blaa-300x300.jpg 300w, https:\/\/www.cubica.dk\/wp-content\/uploads\/2014\/03\/plasttaeppe_horredsmattan_sally_blaa.jpg 600w\" sizes=\"auto, (max-width: 150px) 100vw, 150px\" \/><\/a> <a href=\"http:\/\/www.boxdelux.dk\/shop\/search-1.html?keyword=horreds\" rel=\"attachment wp-att-6356\"><img loading=\"lazy\" decoding=\"async\" class=\"alignnone size-thumbnail wp-image-6356\" src=\"http:\/\/cubica.dk\/wp-content\/uploads\/2014\/03\/plasttaeppe_horredsmattan_sally_sort-150x150.jpg\" alt=\"plasttaeppe_horredsmattan_sally_sort\" width=\"150\" height=\"150\" srcset=\"https:\/\/www.cubica.dk\/wp-content\/uploads\/2014\/03\/plasttaeppe_horredsmattan_sally_sort-150x150.jpg 150w, https:\/\/www.cubica.dk\/wp-content\/uploads\/2014\/03\/plasttaeppe_horredsmattan_sally_sort-300x300.jpg 300w, https:\/\/www.cubica.dk\/wp-content\/uploads\/2014\/03\/plasttaeppe_horredsmattan_sally_sort.jpg 600w\" sizes=\"auto, (max-width: 150px) 100vw, 150px\" \/><\/a> <a href=\"http:\/\/www.boxdelux.dk\/shop\/search-1.html?keyword=horreds\" rel=\"attachment wp-att-6357\"><img loading=\"lazy\" decoding=\"async\" class=\"alignnone size-thumbnail wp-image-6357\" src=\"http:\/\/cubica.dk\/wp-content\/uploads\/2014\/03\/viggensort-150x150.jpg\" alt=\"viggensort\" width=\"150\" height=\"150\" srcset=\"https:\/\/www.cubica.dk\/wp-content\/uploads\/2014\/03\/viggensort-150x150.jpg 150w, https:\/\/www.cubica.dk\/wp-content\/uploads\/2014\/03\/viggensort-300x300.jpg 300w, https:\/\/www.cubica.dk\/wp-content\/uploads\/2014\/03\/viggensort.jpg 500w\" sizes=\"auto, (max-width: 150px) 100vw, 150px\" \/><\/a><\/p>\n<p>&nbsp;<\/p>\n","protected":false},"excerpt":{"rendered":"<p>Horredsmattan Horredsmattan er det svenske firma, der leverer nogle af vores t\u00e6pper. Firmaet begyndte at v\u00e6ve t\u00e6pper i Horred i 1950&#8217;erne i en meget anderledes stil. En succes der har varet frem til i dag. T\u00e6pperne er produceret til at holde et helt liv. En Horred m\u00e5tte er ikke forbipasserende trend. Den er designet og [&hellip;]<\/p>\n","protected":false},"author":2,"featured_media":0,"parent":4973,"menu_order":0,"comment_status":"closed","ping_status":"closed","template":"","meta":{"om_disable_all_campaigns":false,"_monsterinsights_skip_tracking":false,"_monsterinsights_sitenote_active":false,"_monsterinsights_sitenote_note":"","_monsterinsights_sitenote_category":0,"ngg_post_thumbnail":0,"footnotes":""},"class_list":["post-5000","page","type-page","status-publish","hentry"],"aioseo_notices":[],"_links":{"self":[{"href":"https:\/\/www.cubica.dk\/index.php?rest_route=\/wp\/v2\/pages\/5000","targetHints":{"allow":["GET"]}}],"collection":[{"href":"https:\/\/www.cubica.dk\/index.php?rest_route=\/wp\/v2\/pages"}],"about":[{"href":"https:\/\/www.cubica.dk\/index.php?rest_route=\/wp\/v2\/types\/page"}],"author":[{"embeddable":true,"href":"https:\/\/www.cubica.dk\/index.php?rest_route=\/wp\/v2\/users\/2"}],"replies":[{"embeddable":true,"href":"https:\/\/www.cubica.dk\/index.php?rest_route=%2Fwp%2Fv2%2Fcomments&post=5000"}],"version-history":[{"count":7,"href":"https:\/\/www.cubica.dk\/index.php?rest_route=\/wp\/v2\/pages\/5000\/revisions"}],"predecessor-version":[{"id":7154,"href":"https:\/\/www.cubica.dk\/index.php?rest_route=\/wp\/v2\/pages\/5000\/revisions\/7154"}],"up":[{"embeddable":true,"href":"https:\/\/www.cubica.dk\/index.php?rest_route=\/wp\/v2\/pages\/4973"}],"wp:attachment":[{"href":"https:\/\/www.cubica.dk\/index.php?rest_route=%2Fwp%2Fv2%2Fmedia&parent=5000"}],"curies":[{"name":"wp","href":"https:\/\/api.w.org\/{rel}","templated":true}]}}