{"id":5003,"date":"2014-03-03T12:29:46","date_gmt":"2014-03-03T10:29:46","guid":{"rendered":"http:\/\/cubica.dk\/?page_id=5003"},"modified":"2017-06-27T21:08:44","modified_gmt":"2017-06-27T19:08:44","slug":"washi-tape","status":"publish","type":"page","link":"https:\/\/www.cubica.dk\/?page_id=5003","title":{"rendered":"Masking tape &#8211; Washi Tape"},"content":{"rendered":"<h1>Masking tape &#8211; Washi Tape<\/h1>\n<p>Det japanske firma er leverand\u00f8r af vores farveringe masking tape og er specialister p\u00e5 omr\u00e5det med over 90 \u00e5rs erfaring. Tapen bruges ogs\u00e5 industrielt til at male biler, bygninger og m\u00f8bler. Tapen er fremstillet af japansk \u201cwashi\u201d papir som er utrolig st\u00e6rkt med samtidig tyndt. I 2008 begyndte firmaet at lave den kendte og farverige masking tape som vi forhandler og som forhandles i over 20 andre lande. De f\u00e5s nu i over 100 forskellige farver og m\u00f8nstre og bruges til forskellige form\u00e5l i dagligdagen.<br \/>\nGafler er et redskab til at spise, gardiner er lavet til at holde sollyset ude og blyanter er lavet til at skrive med. Som disse produkter, er de fleste ting fremstillet til et bestemt form\u00e5l. Men masking tapen er ikke lavet til et bestemt form\u00e5l, her er det kun fantasien der s\u00e6tter gr\u00e6nser. Det kan bruge p\u00e5 opslagstavler, v\u00e6gge, lamper, bestik, p\u00e5 din cykel osv. osv.<\/p>\n<p>Se og k\u00f8b <a href=\"https:\/\/www.boxdelux.dk\/shop\/mt-masking-tape-482c1.html\">Masking tape her<\/a><\/p>\n<p><a href=\"http:\/\/www.boxdelux.dk\/shop\/masking-tape-dekorationstape-287c1.html\" rel=\"attachment wp-att-6253\"><img loading=\"lazy\" decoding=\"async\" class=\"alignnone wp-image-6253\" src=\"http:\/\/cubica.dk\/wp-content\/uploads\/2014\/03\/gaveaeske_maskingtape_10_colors_dark_colors.jpg\" alt=\"gaveaeske_maskingtape_10_colors_dark_colors\" width=\"280\" height=\"280\" srcset=\"https:\/\/www.cubica.dk\/wp-content\/uploads\/2014\/03\/gaveaeske_maskingtape_10_colors_dark_colors.jpg 600w, https:\/\/www.cubica.dk\/wp-content\/uploads\/2014\/03\/gaveaeske_maskingtape_10_colors_dark_colors-150x150.jpg 150w, https:\/\/www.cubica.dk\/wp-content\/uploads\/2014\/03\/gaveaeske_maskingtape_10_colors_dark_colors-300x300.jpg 300w\" sizes=\"auto, (max-width: 280px) 100vw, 280px\" \/><\/a><a href=\"http:\/\/www.boxdelux.dk\/shop\/masking-tape-dekorationstape-287c1.html\" rel=\"attachment wp-att-6254\">&nbsp; &nbsp; &nbsp; &nbsp; &nbsp;&nbsp;<img loading=\"lazy\" decoding=\"async\" class=\"alignnone wp-image-6254\" src=\"http:\/\/cubica.dk\/wp-content\/uploads\/2014\/03\/gaveaeske_maskingtape_10_colors_light_colors.jpg\" alt=\"gaveaeske_maskingtape_10_colors_light_colors\" width=\"280\" height=\"280\" srcset=\"https:\/\/www.cubica.dk\/wp-content\/uploads\/2014\/03\/gaveaeske_maskingtape_10_colors_light_colors.jpg 600w, https:\/\/www.cubica.dk\/wp-content\/uploads\/2014\/03\/gaveaeske_maskingtape_10_colors_light_colors-150x150.jpg 150w, https:\/\/www.cubica.dk\/wp-content\/uploads\/2014\/03\/gaveaeske_maskingtape_10_colors_light_colors-300x300.jpg 300w\" sizes=\"auto, (max-width: 280px) 100vw, 280px\" \/>&nbsp; &nbsp; &nbsp; &nbsp; &nbsp;&nbsp;<\/a><a href=\"http:\/\/www.boxdelux.dk\/shop\/masking-tape-dekorationstape-287c1.html\" rel=\"attachment wp-att-6255\"><img loading=\"lazy\" decoding=\"async\" class=\"alignnone wp-image-6255\" src=\"http:\/\/cubica.dk\/wp-content\/uploads\/2014\/03\/gaveaeske_maskingtape_20_colors_miks_mangefarver.jpg\" alt=\"gaveaeske_maskingtape_20_colors_miks_mangefarver\" width=\"280\" height=\"280\" srcset=\"https:\/\/www.cubica.dk\/wp-content\/uploads\/2014\/03\/gaveaeske_maskingtape_20_colors_miks_mangefarver.jpg 600w, https:\/\/www.cubica.dk\/wp-content\/uploads\/2014\/03\/gaveaeske_maskingtape_20_colors_miks_mangefarver-150x150.jpg 150w, https:\/\/www.cubica.dk\/wp-content\/uploads\/2014\/03\/gaveaeske_maskingtape_20_colors_miks_mangefarver-300x300.jpg 300w\" sizes=\"auto, (max-width: 280px) 100vw, 280px\" \/><\/a><\/p>\n<p><a href=\"http:\/\/www.boxdelux.dk\/shop\/masking-tape-dekorationstape-287c1.html\" rel=\"attachment wp-att-6261\"><img loading=\"lazy\" decoding=\"async\" class=\"alignnone size-thumbnail wp-image-6261\" src=\"http:\/\/cubica.dk\/wp-content\/uploads\/2014\/03\/maskingtape_asahanada-150x150.jpg\" alt=\"maskingtape_asahanada\" width=\"150\" height=\"150\" srcset=\"https:\/\/www.cubica.dk\/wp-content\/uploads\/2014\/03\/maskingtape_asahanada-150x150.jpg 150w, https:\/\/www.cubica.dk\/wp-content\/uploads\/2014\/03\/maskingtape_asahanada-300x300.jpg 300w, https:\/\/www.cubica.dk\/wp-content\/uploads\/2014\/03\/maskingtape_asahanada.jpg 500w\" sizes=\"auto, (max-width: 150px) 100vw, 150px\" \/><\/a> <a href=\"http:\/\/www.boxdelux.dk\/shop\/masking-tape-dekorationstape-287c1.html\" rel=\"attachment wp-att-6260\"><img loading=\"lazy\" decoding=\"async\" class=\"alignnone size-thumbnail wp-image-6260\" src=\"http:\/\/cubica.dk\/wp-content\/uploads\/2014\/03\/maskingtape_aonibi-150x150.jpg\" alt=\"maskingtape_aonibi\" width=\"150\" height=\"150\" srcset=\"https:\/\/www.cubica.dk\/wp-content\/uploads\/2014\/03\/maskingtape_aonibi-150x150.jpg 150w, https:\/\/www.cubica.dk\/wp-content\/uploads\/2014\/03\/maskingtape_aonibi-300x300.jpg 300w, https:\/\/www.cubica.dk\/wp-content\/uploads\/2014\/03\/maskingtape_aonibi.jpg 500w\" sizes=\"auto, (max-width: 150px) 100vw, 150px\" \/><\/a> <a href=\"http:\/\/www.boxdelux.dk\/shop\/masking-tape-dekorationstape-287c1.html\" rel=\"attachment wp-att-6259\"><img loading=\"lazy\" decoding=\"async\" class=\"alignnone size-thumbnail wp-image-6259\" src=\"http:\/\/cubica.dk\/wp-content\/uploads\/2014\/03\/maskingtape_pastel_yellow-150x150.jpg\" alt=\"Masking tape\" width=\"150\" height=\"150\" srcset=\"https:\/\/www.cubica.dk\/wp-content\/uploads\/2014\/03\/maskingtape_pastel_yellow-150x150.jpg 150w, https:\/\/www.cubica.dk\/wp-content\/uploads\/2014\/03\/maskingtape_pastel_yellow-300x300.jpg 300w, https:\/\/www.cubica.dk\/wp-content\/uploads\/2014\/03\/maskingtape_pastel_yellow.jpg 600w\" sizes=\"auto, (max-width: 150px) 100vw, 150px\" \/><\/a> <a href=\"http:\/\/www.boxdelux.dk\/shop\/masking-tape-dekorationstape-287c1.html\" rel=\"attachment wp-att-6258\"><img loading=\"lazy\" decoding=\"async\" class=\"alignnone size-thumbnail wp-image-6258\" src=\"http:\/\/cubica.dk\/wp-content\/uploads\/2014\/03\/maskingtape_pastel_red-150x150.jpg\" alt=\"Masking tape\" width=\"150\" height=\"150\" srcset=\"https:\/\/www.cubica.dk\/wp-content\/uploads\/2014\/03\/maskingtape_pastel_red-150x150.jpg 150w, https:\/\/www.cubica.dk\/wp-content\/uploads\/2014\/03\/maskingtape_pastel_red-300x300.jpg 300w, https:\/\/www.cubica.dk\/wp-content\/uploads\/2014\/03\/maskingtape_pastel_red.jpg 600w\" sizes=\"auto, (max-width: 150px) 100vw, 150px\" \/><\/a> <a href=\"http:\/\/www.boxdelux.dk\/shop\/masking-tape-dekorationstape-287c1.html\" rel=\"attachment wp-att-6257\"><img loading=\"lazy\" decoding=\"async\" class=\"alignnone size-thumbnail wp-image-6257\" src=\"http:\/\/cubica.dk\/wp-content\/uploads\/2014\/03\/maskingtape_pastel_mint-150x150.jpg\" alt=\"Masking tape\" width=\"150\" height=\"150\" srcset=\"https:\/\/www.cubica.dk\/wp-content\/uploads\/2014\/03\/maskingtape_pastel_mint-150x150.jpg 150w, https:\/\/www.cubica.dk\/wp-content\/uploads\/2014\/03\/maskingtape_pastel_mint-300x300.jpg 300w, https:\/\/www.cubica.dk\/wp-content\/uploads\/2014\/03\/maskingtape_pastel_mint.jpg 600w\" sizes=\"auto, (max-width: 150px) 100vw, 150px\" \/><\/a> <a href=\"http:\/\/www.boxdelux.dk\/shop\/masking-tape-dekorationstape-287c1.html\" rel=\"attachment wp-att-6256\"><img loading=\"lazy\" decoding=\"async\" class=\"alignnone size-thumbnail wp-image-6256\" src=\"http:\/\/cubica.dk\/wp-content\/uploads\/2014\/03\/maskingtape_pastel_blue-150x150.jpg\" alt=\"Masking tape\" width=\"150\" height=\"150\" srcset=\"https:\/\/www.cubica.dk\/wp-content\/uploads\/2014\/03\/maskingtape_pastel_blue-150x150.jpg 150w, https:\/\/www.cubica.dk\/wp-content\/uploads\/2014\/03\/maskingtape_pastel_blue-300x300.jpg 300w, https:\/\/www.cubica.dk\/wp-content\/uploads\/2014\/03\/maskingtape_pastel_blue.jpg 600w\" sizes=\"auto, (max-width: 150px) 100vw, 150px\" \/><\/a><\/p>\n","protected":false},"excerpt":{"rendered":"<p>Masking tape &#8211; Washi Tape Det japanske firma er leverand\u00f8r af vores farveringe masking tape og er specialister p\u00e5 omr\u00e5det med over 90 \u00e5rs erfaring. Tapen bruges ogs\u00e5 industrielt til at male biler, bygninger og m\u00f8bler. Tapen er fremstillet af japansk \u201cwashi\u201d papir som er utrolig st\u00e6rkt med samtidig tyndt. I 2008 begyndte firmaet at [&hellip;]<\/p>\n","protected":false},"author":2,"featured_media":0,"parent":4973,"menu_order":0,"comment_status":"closed","ping_status":"closed","template":"","meta":{"om_disable_all_campaigns":false,"_monsterinsights_skip_tracking":false,"_monsterinsights_sitenote_active":false,"_monsterinsights_sitenote_note":"","_monsterinsights_sitenote_category":0,"ngg_post_thumbnail":0,"footnotes":""},"class_list":["post-5003","page","type-page","status-publish","hentry"],"aioseo_notices":[],"_links":{"self":[{"href":"https:\/\/www.cubica.dk\/index.php?rest_route=\/wp\/v2\/pages\/5003","targetHints":{"allow":["GET"]}}],"collection":[{"href":"https:\/\/www.cubica.dk\/index.php?rest_route=\/wp\/v2\/pages"}],"about":[{"href":"https:\/\/www.cubica.dk\/index.php?rest_route=\/wp\/v2\/types\/page"}],"author":[{"embeddable":true,"href":"https:\/\/www.cubica.dk\/index.php?rest_route=\/wp\/v2\/users\/2"}],"replies":[{"embeddable":true,"href":"https:\/\/www.cubica.dk\/index.php?rest_route=%2Fwp%2Fv2%2Fcomments&post=5003"}],"version-history":[{"count":9,"href":"https:\/\/www.cubica.dk\/index.php?rest_route=\/wp\/v2\/pages\/5003\/revisions"}],"predecessor-version":[{"id":7159,"href":"https:\/\/www.cubica.dk\/index.php?rest_route=\/wp\/v2\/pages\/5003\/revisions\/7159"}],"up":[{"embeddable":true,"href":"https:\/\/www.cubica.dk\/index.php?rest_route=\/wp\/v2\/pages\/4973"}],"wp:attachment":[{"href":"https:\/\/www.cubica.dk\/index.php?rest_route=%2Fwp%2Fv2%2Fmedia&parent=5003"}],"curies":[{"name":"wp","href":"https:\/\/api.w.org\/{rel}","templated":true}]}}