{"id":5011,"date":"2014-03-03T12:32:54","date_gmt":"2014-03-03T10:32:54","guid":{"rendered":"http:\/\/cubica.dk\/?page_id=5011"},"modified":"2017-06-27T21:14:01","modified_gmt":"2017-06-27T19:14:01","slug":"speedtsberg","status":"publish","type":"page","link":"https:\/\/www.cubica.dk\/?page_id=5011","title":{"rendered":"Speedtsberg"},"content":{"rendered":"<h1>Speedtsberg<\/h1>\n<p>Hos Speedtsberg finder du inspiration til den moderne farverige indretning, det mere klassiske og den sk\u00f8nne afslappede sommerhus livsstil. Interi\u00f8r, som v\u00e6kker din nysgerrighed og kalder p\u00e5 smilet og dit gode hum\u00f8r.<\/p>\n<p>Speedtsberg f\u00f8rer et stort udvalg af sk\u00f8nne livsstils-produkter. De f\u00e5r stor inspiration til nyheder p\u00e5 rundrejser til verdens storbyer og sammens\u00e6tter deres helt egen og anderledes kollektion af brugskunst og interi\u00f8r. Speedtsberg er kendt for at skille sig ud fra m\u00e6ngden, designe deres helt eget sortiment til skarpe priser. De har et bredt kendskab til trends og tidens tendenser og s\u00e6tter den rigtige pris for interi\u00f8r i frisk moderne og skandinavisk stil.<\/p>\n<p>Se og k\u00f8b <a href=\"https:\/\/www.boxdelux.dk\/shop\/speedtsberg-468c1.html\">Speedtsberg her<\/a><\/p>\n<p><a href=\"http:\/\/www.boxdelux.dk\/shop\/search-1.html?keyword=speedtsberg\" rel=\"attachment wp-att-6443\"><img loading=\"lazy\" decoding=\"async\" class=\"alignnone size-thumbnail wp-image-6443\" src=\"http:\/\/cubica.dk\/wp-content\/uploads\/2014\/03\/speedtsberg_aeskesaet_brit_graa_saet_med_3stk-150x150.jpg\" alt=\"speedtsberg_aeskesaet_brit_graa_saet_med_3stk\" width=\"150\" height=\"150\" srcset=\"https:\/\/www.cubica.dk\/wp-content\/uploads\/2014\/03\/speedtsberg_aeskesaet_brit_graa_saet_med_3stk-150x150.jpg 150w, https:\/\/www.cubica.dk\/wp-content\/uploads\/2014\/03\/speedtsberg_aeskesaet_brit_graa_saet_med_3stk-300x300.jpg 300w, https:\/\/www.cubica.dk\/wp-content\/uploads\/2014\/03\/speedtsberg_aeskesaet_brit_graa_saet_med_3stk.jpg 600w\" sizes=\"auto, (max-width: 150px) 100vw, 150px\" \/><\/a>&nbsp;&nbsp;<a href=\"http:\/\/www.boxdelux.dk\/shop\/search-1.html?keyword=speedtsberg\" rel=\"attachment wp-att-6445\"><img loading=\"lazy\" decoding=\"async\" class=\"alignnone size-thumbnail wp-image-6445\" src=\"http:\/\/cubica.dk\/wp-content\/uploads\/2014\/03\/speedtsberg_altankasse_moerkegraa-150x150.jpg\" alt=\"speedtsberg_altankasse_moerkegraa\" width=\"150\" height=\"150\" srcset=\"https:\/\/www.cubica.dk\/wp-content\/uploads\/2014\/03\/speedtsberg_altankasse_moerkegraa-150x150.jpg 150w, https:\/\/www.cubica.dk\/wp-content\/uploads\/2014\/03\/speedtsberg_altankasse_moerkegraa-300x300.jpg 300w, https:\/\/www.cubica.dk\/wp-content\/uploads\/2014\/03\/speedtsberg_altankasse_moerkegraa.jpg 600w\" sizes=\"auto, (max-width: 150px) 100vw, 150px\" \/>&nbsp;<\/a><a href=\"http:\/\/www.boxdelux.dk\/shop\/search-1.html?keyword=speedtsberg\" rel=\"attachment wp-att-6447\"><img loading=\"lazy\" decoding=\"async\" class=\"alignnone size-thumbnail wp-image-6447\" src=\"http:\/\/cubica.dk\/wp-content\/uploads\/2014\/03\/speedtsberg_smykkeskrin_guld_print_68076-150x150.jpg\" alt=\"speedtsberg_smykkeskrin_guld_print_68076\" width=\"150\" height=\"150\" srcset=\"https:\/\/www.cubica.dk\/wp-content\/uploads\/2014\/03\/speedtsberg_smykkeskrin_guld_print_68076-150x150.jpg 150w, https:\/\/www.cubica.dk\/wp-content\/uploads\/2014\/03\/speedtsberg_smykkeskrin_guld_print_68076-300x300.jpg 300w, https:\/\/www.cubica.dk\/wp-content\/uploads\/2014\/03\/speedtsberg_smykkeskrin_guld_print_68076.jpg 600w\" sizes=\"auto, (max-width: 150px) 100vw, 150px\" \/><\/a><a href=\"http:\/\/www.boxdelux.dk\/shop\/search-1.html?keyword=speedtsberg\" rel=\"attachment wp-att-6444\">&nbsp;<img loading=\"lazy\" decoding=\"async\" class=\"alignnone size-thumbnail wp-image-6444\" src=\"http:\/\/cubica.dk\/wp-content\/uploads\/2014\/03\/speedtsberg_aeskesaet_edna_lyseroed_saet_med_4stk_kvadratisk-150x150.jpg\" alt=\"speedtsberg_aeskesaet_edna_lyseroed_saet_med_4stk_kvadratisk\" width=\"150\" height=\"150\" srcset=\"https:\/\/www.cubica.dk\/wp-content\/uploads\/2014\/03\/speedtsberg_aeskesaet_edna_lyseroed_saet_med_4stk_kvadratisk-150x150.jpg 150w, https:\/\/www.cubica.dk\/wp-content\/uploads\/2014\/03\/speedtsberg_aeskesaet_edna_lyseroed_saet_med_4stk_kvadratisk-300x300.jpg 300w, https:\/\/www.cubica.dk\/wp-content\/uploads\/2014\/03\/speedtsberg_aeskesaet_edna_lyseroed_saet_med_4stk_kvadratisk.jpg 600w\" sizes=\"auto, (max-width: 150px) 100vw, 150px\" \/><\/a>&nbsp; <a href=\"http:\/\/www.boxdelux.dk\/shop\/search-1.html?keyword=speedtsberg\" rel=\"attachment wp-att-6446\"><img loading=\"lazy\" decoding=\"async\" class=\"alignnone size-thumbnail wp-image-6446\" src=\"http:\/\/cubica.dk\/wp-content\/uploads\/2014\/03\/speedtsberg_smykkeskrin_ens_sort_68077-150x150.jpg\" alt=\"speedtsberg_smykkeskrin_ens_sort_68077\" width=\"150\" height=\"150\" srcset=\"https:\/\/www.cubica.dk\/wp-content\/uploads\/2014\/03\/speedtsberg_smykkeskrin_ens_sort_68077-150x150.jpg 150w, https:\/\/www.cubica.dk\/wp-content\/uploads\/2014\/03\/speedtsberg_smykkeskrin_ens_sort_68077-300x300.jpg 300w, https:\/\/www.cubica.dk\/wp-content\/uploads\/2014\/03\/speedtsberg_smykkeskrin_ens_sort_68077.jpg 600w\" sizes=\"auto, (max-width: 150px) 100vw, 150px\" \/><\/a>&nbsp; <a href=\"http:\/\/www.boxdelux.dk\/shop\/search-1.html?keyword=speedtsberg\" rel=\"attachment wp-att-6448\"><img loading=\"lazy\" decoding=\"async\" class=\"alignnone size-thumbnail wp-image-6448\" src=\"http:\/\/cubica.dk\/wp-content\/uploads\/2014\/03\/speedtsberg_altankasse_ss16_mint-150x150.jpg\" alt=\"speedtsberg_altankasse_ss16_mint\" width=\"150\" height=\"150\" srcset=\"https:\/\/www.cubica.dk\/wp-content\/uploads\/2014\/03\/speedtsberg_altankasse_ss16_mint-150x150.jpg 150w, https:\/\/www.cubica.dk\/wp-content\/uploads\/2014\/03\/speedtsberg_altankasse_ss16_mint-300x300.jpg 300w, https:\/\/www.cubica.dk\/wp-content\/uploads\/2014\/03\/speedtsberg_altankasse_ss16_mint.jpg 600w\" sizes=\"auto, (max-width: 150px) 100vw, 150px\" \/><\/a><\/p>\n","protected":false},"excerpt":{"rendered":"<p>Speedtsberg Hos Speedtsberg finder du inspiration til den moderne farverige indretning, det mere klassiske og den sk\u00f8nne afslappede sommerhus livsstil. Interi\u00f8r, som v\u00e6kker din nysgerrighed og kalder p\u00e5 smilet og dit gode hum\u00f8r. Speedtsberg f\u00f8rer et stort udvalg af sk\u00f8nne livsstils-produkter. De f\u00e5r stor inspiration til nyheder p\u00e5 rundrejser til verdens storbyer og sammens\u00e6tter deres [&hellip;]<\/p>\n","protected":false},"author":2,"featured_media":0,"parent":4973,"menu_order":0,"comment_status":"closed","ping_status":"closed","template":"","meta":{"om_disable_all_campaigns":false,"_monsterinsights_skip_tracking":false,"_monsterinsights_sitenote_active":false,"_monsterinsights_sitenote_note":"","_monsterinsights_sitenote_category":0,"ngg_post_thumbnail":0,"footnotes":""},"class_list":["post-5011","page","type-page","status-publish","hentry"],"aioseo_notices":[],"_links":{"self":[{"href":"https:\/\/www.cubica.dk\/index.php?rest_route=\/wp\/v2\/pages\/5011","targetHints":{"allow":["GET"]}}],"collection":[{"href":"https:\/\/www.cubica.dk\/index.php?rest_route=\/wp\/v2\/pages"}],"about":[{"href":"https:\/\/www.cubica.dk\/index.php?rest_route=\/wp\/v2\/types\/page"}],"author":[{"embeddable":true,"href":"https:\/\/www.cubica.dk\/index.php?rest_route=\/wp\/v2\/users\/2"}],"replies":[{"embeddable":true,"href":"https:\/\/www.cubica.dk\/index.php?rest_route=%2Fwp%2Fv2%2Fcomments&post=5011"}],"version-history":[{"count":7,"href":"https:\/\/www.cubica.dk\/index.php?rest_route=\/wp\/v2\/pages\/5011\/revisions"}],"predecessor-version":[{"id":7171,"href":"https:\/\/www.cubica.dk\/index.php?rest_route=\/wp\/v2\/pages\/5011\/revisions\/7171"}],"up":[{"embeddable":true,"href":"https:\/\/www.cubica.dk\/index.php?rest_route=\/wp\/v2\/pages\/4973"}],"wp:attachment":[{"href":"https:\/\/www.cubica.dk\/index.php?rest_route=%2Fwp%2Fv2%2Fmedia&parent=5011"}],"curies":[{"name":"wp","href":"https:\/\/api.w.org\/{rel}","templated":true}]}}