{"id":6077,"date":"2016-04-06T14:15:30","date_gmt":"2016-04-06T12:15:30","guid":{"rendered":"http:\/\/cubica.dk\/?page_id=6077"},"modified":"2017-06-27T20:57:32","modified_gmt":"2017-06-27T18:57:32","slug":"cinas","status":"publish","type":"page","link":"https:\/\/www.cubica.dk\/?page_id=6077","title":{"rendered":"Cinas"},"content":{"rendered":"<h1>Cinas<\/h1>\n<p>Cinas er et dansk firma grundlagt tilbage i 1903. Siden 1980 har Cinas udviklet til at v\u00e6re en design-, import- og distributions virksomhed der designer og leverer kvalitetsprodukter til hjem og have. Cinas&#8217;s produkter er produceret hos n\u00f8je udvalgte producenter i fjern\u00f8sten der lever op til de h\u00f8je kvalitetskrav virksomheden har til deres produkter.<\/p>\n<p>Hos BOXdeLUX.dk har vi udvalgt nogle af de sk\u00f8nne opbevaringsl\u00f8sninger fra Cinas som deres hyldebokse, vasket\u00f8jskurve, entr\u00e9b\u00e6nk + b\u00e6nk og sm\u00e5 trappestiger.<\/p>\n<p><a href=\"https:\/\/www.boxdelux.dk\/shop\/cinas-489c1.html\" target=\"_blank\" rel=\"noopener\">Du kan se udvalget af Cinas og k\u00f8be online lige her<\/a><\/p>\n<p><a href=\"http:\/\/www.boxdelux.dk\/shop\/cms-wildsearch.html?InitSearch=1&amp;Keyword=CINAS&amp;Search=S%C3%B8g\"><img loading=\"lazy\" decoding=\"async\" class=\"alignnone wp-image-6079\" src=\"http:\/\/cubica.dk\/wp-content\/uploads\/2016\/04\/cinac_ekstra_billede_kasser_og_skammel-300x300.jpg\" alt=\"cinac_ekstra_billede_kasser_og_skammel\" width=\"280\" height=\"280\" srcset=\"https:\/\/www.cubica.dk\/wp-content\/uploads\/2016\/04\/cinac_ekstra_billede_kasser_og_skammel-300x300.jpg 300w, https:\/\/www.cubica.dk\/wp-content\/uploads\/2016\/04\/cinac_ekstra_billede_kasser_og_skammel-150x150.jpg 150w, https:\/\/www.cubica.dk\/wp-content\/uploads\/2016\/04\/cinac_ekstra_billede_kasser_og_skammel.jpg 600w\" sizes=\"auto, (max-width: 280px) 100vw, 280px\" \/><\/a>&nbsp; &nbsp; &nbsp;&nbsp;<a href=\"http:\/\/www.boxdelux.dk\/shop\/cms-wildsearch.html?InitSearch=1&amp;Keyword=CINAS&amp;Search=S%C3%B8g\"><img loading=\"lazy\" decoding=\"async\" class=\"alignnone wp-image-6080\" src=\"http:\/\/cubica.dk\/wp-content\/uploads\/2016\/04\/cinas_entre_bord_noble_bambus1-300x300.jpg\" alt=\"cinas_entre_bord_noble_bambus1\" width=\"280\" height=\"280\" srcset=\"https:\/\/www.cubica.dk\/wp-content\/uploads\/2016\/04\/cinas_entre_bord_noble_bambus1-300x300.jpg 300w, https:\/\/www.cubica.dk\/wp-content\/uploads\/2016\/04\/cinas_entre_bord_noble_bambus1-150x150.jpg 150w, https:\/\/www.cubica.dk\/wp-content\/uploads\/2016\/04\/cinas_entre_bord_noble_bambus1.jpg 600w\" sizes=\"auto, (max-width: 280px) 100vw, 280px\" \/><\/a>&nbsp; &nbsp; &nbsp;&nbsp;<a href=\"http:\/\/www.boxdelux.dk\/shop\/cms-wildsearch.html?InitSearch=1&amp;Keyword=CINAS&amp;Search=S%C3%B8g\"><img loading=\"lazy\" decoding=\"async\" class=\"alignnone wp-image-6088\" src=\"http:\/\/cubica.dk\/wp-content\/uploads\/2016\/04\/cinas_trappestige_teaktrae_2trin1-300x300.jpg\" alt=\"cinas_trappestige_teaktrae_2trin1\" width=\"280\" height=\"280\" srcset=\"https:\/\/www.cubica.dk\/wp-content\/uploads\/2016\/04\/cinas_trappestige_teaktrae_2trin1-300x300.jpg 300w, https:\/\/www.cubica.dk\/wp-content\/uploads\/2016\/04\/cinas_trappestige_teaktrae_2trin1-150x150.jpg 150w, https:\/\/www.cubica.dk\/wp-content\/uploads\/2016\/04\/cinas_trappestige_teaktrae_2trin1.jpg 600w\" sizes=\"auto, (max-width: 280px) 100vw, 280px\" \/><\/a><\/p>\n<p><img loading=\"lazy\" decoding=\"async\" class=\"alignnone wp-image-6087 size-thumbnail\" src=\"http:\/\/cubica.dk\/wp-content\/uploads\/2016\/04\/cinas_opbevaringsboks_med_laag_vasketoejskurv_filt_sort-150x150.jpg\" alt=\"cinas_opbevaringsboks_med_laag_vasketoejskurv_filt_sort\" width=\"150\" height=\"150\" srcset=\"https:\/\/www.cubica.dk\/wp-content\/uploads\/2016\/04\/cinas_opbevaringsboks_med_laag_vasketoejskurv_filt_sort-150x150.jpg 150w, https:\/\/www.cubica.dk\/wp-content\/uploads\/2016\/04\/cinas_opbevaringsboks_med_laag_vasketoejskurv_filt_sort-300x300.jpg 300w, https:\/\/www.cubica.dk\/wp-content\/uploads\/2016\/04\/cinas_opbevaringsboks_med_laag_vasketoejskurv_filt_sort.jpg 600w\" sizes=\"auto, (max-width: 150px) 100vw, 150px\" \/> <img loading=\"lazy\" decoding=\"async\" class=\"alignnone wp-image-6085 size-thumbnail\" src=\"http:\/\/cubica.dk\/wp-content\/uploads\/2016\/04\/cinas_opbevaringsboks_med_laag_vasketoejskurv_filt_lysegraa-1-150x150.jpg\" alt=\"cinas_opbevaringsboks_med_laag_vasketoejskurv_filt_lysegraa\" width=\"150\" height=\"150\" srcset=\"https:\/\/www.cubica.dk\/wp-content\/uploads\/2016\/04\/cinas_opbevaringsboks_med_laag_vasketoejskurv_filt_lysegraa-1-150x150.jpg 150w, https:\/\/www.cubica.dk\/wp-content\/uploads\/2016\/04\/cinas_opbevaringsboks_med_laag_vasketoejskurv_filt_lysegraa-1-300x300.jpg 300w, https:\/\/www.cubica.dk\/wp-content\/uploads\/2016\/04\/cinas_opbevaringsboks_med_laag_vasketoejskurv_filt_lysegraa-1.jpg 600w\" sizes=\"auto, (max-width: 150px) 100vw, 150px\" \/><img loading=\"lazy\" decoding=\"async\" class=\"alignnone wp-image-6086 size-thumbnail\" src=\"http:\/\/cubica.dk\/wp-content\/uploads\/2016\/04\/cinas_opbevaringsboks_med_laag_vasketoejskurv_filt_moerkegraa-1-150x150.jpg\" alt=\"cinas_opbevaringsboks_med_laag_vasketoejskurv_filt_moerkegraa\" width=\"150\" height=\"150\" srcset=\"https:\/\/www.cubica.dk\/wp-content\/uploads\/2016\/04\/cinas_opbevaringsboks_med_laag_vasketoejskurv_filt_moerkegraa-1-150x150.jpg 150w, https:\/\/www.cubica.dk\/wp-content\/uploads\/2016\/04\/cinas_opbevaringsboks_med_laag_vasketoejskurv_filt_moerkegraa-1-300x300.jpg 300w, https:\/\/www.cubica.dk\/wp-content\/uploads\/2016\/04\/cinas_opbevaringsboks_med_laag_vasketoejskurv_filt_moerkegraa-1.jpg 600w\" sizes=\"auto, (max-width: 150px) 100vw, 150px\" \/> <img loading=\"lazy\" decoding=\"async\" class=\"alignnone wp-image-6084 size-thumbnail\" src=\"http:\/\/cubica.dk\/wp-content\/uploads\/2016\/04\/cinas_kurv_opbevaring_sortfilt1-150x150.jpg\" alt=\"Opbevaring med stil - Cinas hyldeboks\" width=\"150\" height=\"150\" srcset=\"https:\/\/www.cubica.dk\/wp-content\/uploads\/2016\/04\/cinas_kurv_opbevaring_sortfilt1-150x150.jpg 150w, https:\/\/www.cubica.dk\/wp-content\/uploads\/2016\/04\/cinas_kurv_opbevaring_sortfilt1-300x300.jpg 300w, https:\/\/www.cubica.dk\/wp-content\/uploads\/2016\/04\/cinas_kurv_opbevaring_sortfilt1.jpg 600w\" sizes=\"auto, (max-width: 150px) 100vw, 150px\" \/><img loading=\"lazy\" decoding=\"async\" class=\"wp-image-6082 size-thumbnail\" src=\"http:\/\/cubica.dk\/wp-content\/uploads\/2016\/04\/cinas_kurv_opbevaring_hvid1-150x150.jpg\" alt=\"Opbevaring med stil\" width=\"150\" height=\"150\" srcset=\"https:\/\/www.cubica.dk\/wp-content\/uploads\/2016\/04\/cinas_kurv_opbevaring_hvid1-150x150.jpg 150w, https:\/\/www.cubica.dk\/wp-content\/uploads\/2016\/04\/cinas_kurv_opbevaring_hvid1-300x300.jpg 300w, https:\/\/www.cubica.dk\/wp-content\/uploads\/2016\/04\/cinas_kurv_opbevaring_hvid1.jpg 600w\" sizes=\"auto, (max-width: 150px) 100vw, 150px\" \/><img loading=\"lazy\" decoding=\"async\" class=\"wp-image-6081 size-thumbnail\" src=\"http:\/\/cubica.dk\/wp-content\/uploads\/2016\/04\/cinas_kurv_opbevaring_graafilt1-150x150.jpg\" alt=\"Opbevaring med stil\" width=\"150\" height=\"150\" srcset=\"https:\/\/www.cubica.dk\/wp-content\/uploads\/2016\/04\/cinas_kurv_opbevaring_graafilt1-150x150.jpg 150w, https:\/\/www.cubica.dk\/wp-content\/uploads\/2016\/04\/cinas_kurv_opbevaring_graafilt1-300x300.jpg 300w, https:\/\/www.cubica.dk\/wp-content\/uploads\/2016\/04\/cinas_kurv_opbevaring_graafilt1.jpg 600w\" sizes=\"auto, (max-width: 150px) 100vw, 150px\" \/><\/p>\n<p>&nbsp;<\/p>\n<p>&nbsp;<\/p>\n<p>&nbsp;<\/p>\n<p>&nbsp;<\/p>\n<p>&nbsp;<\/p>\n<p>&nbsp;<\/p>\n","protected":false},"excerpt":{"rendered":"<p>Cinas Cinas er et dansk firma grundlagt tilbage i 1903. Siden 1980 har Cinas udviklet til at v\u00e6re en design-, import- og distributions virksomhed der designer og leverer kvalitetsprodukter til hjem og have. Cinas&#8217;s produkter er produceret hos n\u00f8je udvalgte producenter i fjern\u00f8sten der lever op til de h\u00f8je kvalitetskrav virksomheden har til deres produkter. [&hellip;]<\/p>\n","protected":false},"author":2,"featured_media":0,"parent":4973,"menu_order":0,"comment_status":"closed","ping_status":"closed","template":"","meta":{"om_disable_all_campaigns":false,"_monsterinsights_skip_tracking":false,"_monsterinsights_sitenote_active":false,"_monsterinsights_sitenote_note":"","_monsterinsights_sitenote_category":0,"ngg_post_thumbnail":0,"footnotes":""},"class_list":["post-6077","page","type-page","status-publish","hentry"],"aioseo_notices":[],"_links":{"self":[{"href":"https:\/\/www.cubica.dk\/index.php?rest_route=\/wp\/v2\/pages\/6077","targetHints":{"allow":["GET"]}}],"collection":[{"href":"https:\/\/www.cubica.dk\/index.php?rest_route=\/wp\/v2\/pages"}],"about":[{"href":"https:\/\/www.cubica.dk\/index.php?rest_route=\/wp\/v2\/types\/page"}],"author":[{"embeddable":true,"href":"https:\/\/www.cubica.dk\/index.php?rest_route=\/wp\/v2\/users\/2"}],"replies":[{"embeddable":true,"href":"https:\/\/www.cubica.dk\/index.php?rest_route=%2Fwp%2Fv2%2Fcomments&post=6077"}],"version-history":[{"count":10,"href":"https:\/\/www.cubica.dk\/index.php?rest_route=\/wp\/v2\/pages\/6077\/revisions"}],"predecessor-version":[{"id":7148,"href":"https:\/\/www.cubica.dk\/index.php?rest_route=\/wp\/v2\/pages\/6077\/revisions\/7148"}],"up":[{"embeddable":true,"href":"https:\/\/www.cubica.dk\/index.php?rest_route=\/wp\/v2\/pages\/4973"}],"wp:attachment":[{"href":"https:\/\/www.cubica.dk\/index.php?rest_route=%2Fwp%2Fv2%2Fmedia&parent=6077"}],"curies":[{"name":"wp","href":"https:\/\/api.w.org\/{rel}","templated":true}]}}