{"id":6179,"date":"2016-04-07T15:54:59","date_gmt":"2016-04-07T13:54:59","guid":{"rendered":"http:\/\/cubica.dk\/?page_id=6179"},"modified":"2017-06-27T21:09:27","modified_gmt":"2017-06-27T19:09:27","slug":"naga","status":"publish","type":"page","link":"https:\/\/www.cubica.dk\/?page_id=6179","title":{"rendered":"NAGA"},"content":{"rendered":"<h1>NAGA<\/h1>\n<p>Naga er et dansk firma grundlagt helt tilbage i 1977 hvor man startede med at lave opslagstavler i cork og hessian med en ramme i tr\u00e6. Da Allen Petersen i 2008 overtog firmaet kom de kendte magnetiske glastavler til verden. Produktionen foreg\u00e5r prim\u00e6rt i \u00d8sten&nbsp;under kontrollerede forhold men design og udvikling er stadig 100% dansk.<\/p>\n<p>Vi f\u00f8rer et stort udvalg af Naga&#8217;s tavler i b\u00e5de 45&#215;45 cm. og i 40&#215;60 cm. i et v\u00e6ld af farver til b\u00e5de stuen, k\u00f8kkenalrum eller til b\u00f8rnev\u00e6relserne. Hos BOXdeLUX.dk finder du ogs\u00e5 et stort udvalg af de specielle tusch&#8217;er, magneter og accessories til de fine tavler.<\/p>\n<p><a href=\"https:\/\/www.boxdelux.dk\/shop\/naga-480c1.html\" target=\"_blank\" rel=\"noopener\">K\u00f8b NAGA online lige her<\/a><\/p>\n<p><a href=\"http:\/\/www.boxdelux.dk\/shop\/cms-wildsearch.html?InitSearch=1&amp;Keyword=Naga&amp;Search=S%C3%B8g\" rel=\"attachment wp-att-6180\"><img loading=\"lazy\" decoding=\"async\" class=\"alignnone wp-image-6180\" src=\"http:\/\/cubica.dk\/wp-content\/uploads\/2016\/04\/magnetiskdesigntavle_xl_02.jpg\" alt=\"magnetiskdesigntavle_xl_02\" width=\"280\" height=\"280\" srcset=\"https:\/\/www.cubica.dk\/wp-content\/uploads\/2016\/04\/magnetiskdesigntavle_xl_02.jpg 600w, https:\/\/www.cubica.dk\/wp-content\/uploads\/2016\/04\/magnetiskdesigntavle_xl_02-150x150.jpg 150w, https:\/\/www.cubica.dk\/wp-content\/uploads\/2016\/04\/magnetiskdesigntavle_xl_02-300x300.jpg 300w\" sizes=\"auto, (max-width: 280px) 100vw, 280px\" \/><\/a>&nbsp; &nbsp; &nbsp;<img loading=\"lazy\" decoding=\"async\" class=\"alignnone wp-image-6181\" src=\"http:\/\/cubica.dk\/wp-content\/uploads\/2016\/04\/magnetiskdesigntavle_xl_03.jpg\" alt=\"magnetiskdesigntavle_xl_03\" width=\"280\" height=\"280\" srcset=\"https:\/\/www.cubica.dk\/wp-content\/uploads\/2016\/04\/magnetiskdesigntavle_xl_03.jpg 600w, https:\/\/www.cubica.dk\/wp-content\/uploads\/2016\/04\/magnetiskdesigntavle_xl_03-150x150.jpg 150w, https:\/\/www.cubica.dk\/wp-content\/uploads\/2016\/04\/magnetiskdesigntavle_xl_03-300x300.jpg 300w\" sizes=\"auto, (max-width: 280px) 100vw, 280px\" \/>&nbsp; &nbsp; &nbsp; <a href=\"http:\/\/www.boxdelux.dk\/shop\/cms-wildsearch.html?InitSearch=1&amp;Keyword=Naga&amp;Search=S%C3%B8g\" rel=\"attachment wp-att-6182\"><img loading=\"lazy\" decoding=\"async\" class=\"alignnone wp-image-6182\" src=\"http:\/\/cubica.dk\/wp-content\/uploads\/2016\/04\/magnetiskdesigntavle_xl_04.jpg\" alt=\"magnetiskdesigntavle_xl_04\" width=\"280\" height=\"280\" srcset=\"https:\/\/www.cubica.dk\/wp-content\/uploads\/2016\/04\/magnetiskdesigntavle_xl_04.jpg 600w, https:\/\/www.cubica.dk\/wp-content\/uploads\/2016\/04\/magnetiskdesigntavle_xl_04-150x150.jpg 150w, https:\/\/www.cubica.dk\/wp-content\/uploads\/2016\/04\/magnetiskdesigntavle_xl_04-300x300.jpg 300w\" sizes=\"auto, (max-width: 280px) 100vw, 280px\" \/><\/a><\/p>\n<p>&nbsp;<\/p>\n<p>&nbsp;<\/p>\n<p>&nbsp;<\/p>\n<p>&nbsp;<\/p>\n","protected":false},"excerpt":{"rendered":"<p>NAGA Naga er et dansk firma grundlagt helt tilbage i 1977 hvor man startede med at lave opslagstavler i cork og hessian med en ramme i tr\u00e6. Da Allen Petersen i 2008 overtog firmaet kom de kendte magnetiske glastavler til verden. Produktionen foreg\u00e5r prim\u00e6rt i \u00d8sten&nbsp;under kontrollerede forhold men design og udvikling er stadig 100% [&hellip;]<\/p>\n","protected":false},"author":2,"featured_media":0,"parent":4973,"menu_order":0,"comment_status":"closed","ping_status":"closed","template":"","meta":{"om_disable_all_campaigns":false,"_monsterinsights_skip_tracking":false,"_monsterinsights_sitenote_active":false,"_monsterinsights_sitenote_note":"","_monsterinsights_sitenote_category":0,"ngg_post_thumbnail":0,"footnotes":""},"class_list":["post-6179","page","type-page","status-publish","hentry"],"aioseo_notices":[],"_links":{"self":[{"href":"https:\/\/www.cubica.dk\/index.php?rest_route=\/wp\/v2\/pages\/6179","targetHints":{"allow":["GET"]}}],"collection":[{"href":"https:\/\/www.cubica.dk\/index.php?rest_route=\/wp\/v2\/pages"}],"about":[{"href":"https:\/\/www.cubica.dk\/index.php?rest_route=\/wp\/v2\/types\/page"}],"author":[{"embeddable":true,"href":"https:\/\/www.cubica.dk\/index.php?rest_route=\/wp\/v2\/users\/2"}],"replies":[{"embeddable":true,"href":"https:\/\/www.cubica.dk\/index.php?rest_route=%2Fwp%2Fv2%2Fcomments&post=6179"}],"version-history":[{"count":5,"href":"https:\/\/www.cubica.dk\/index.php?rest_route=\/wp\/v2\/pages\/6179\/revisions"}],"predecessor-version":[{"id":7161,"href":"https:\/\/www.cubica.dk\/index.php?rest_route=\/wp\/v2\/pages\/6179\/revisions\/7161"}],"up":[{"embeddable":true,"href":"https:\/\/www.cubica.dk\/index.php?rest_route=\/wp\/v2\/pages\/4973"}],"wp:attachment":[{"href":"https:\/\/www.cubica.dk\/index.php?rest_route=%2Fwp%2Fv2%2Fmedia&parent=6179"}],"curies":[{"name":"wp","href":"https:\/\/api.w.org\/{rel}","templated":true}]}}