{"id":793,"date":"2012-03-15T21:26:04","date_gmt":"2012-03-15T19:26:04","guid":{"rendered":"http:\/\/cubica.dk\/?page_id=793"},"modified":"2017-02-04T17:34:30","modified_gmt":"2017-02-04T15:34:30","slug":"boxdelux-dk","status":"publish","type":"page","link":"https:\/\/www.cubica.dk\/?page_id=793","title":{"rendered":"BOXdeLUX.dk"},"content":{"rendered":"<p><a href=\"http:\/\/www.boxdelux.dk\" target=\"_blank\">BOXdeLUX.dk<\/a>&nbsp;&nbsp;&#8211; Opbevaring med stil. BOXdeLUX er en konceptbutik med salg af opbevaring &#8211; kurve, kasser, \u00e6sker, d\u00e5ser osv. Konceptet er \u201cF\u00e5 mere styr p\u00e5 roderiet i hverdagen &#8211; og skab orden i kaos p\u00e5 den stilfulde m\u00e5de\u201d. Vi forhandler produkter fra leverand\u00f8rer i ind- og udland, og har ogs\u00e5 en lang r\u00e6kke egenudviklede produkter. Vi har desuden ogs\u00e5 et stort udvalg af boligtilbeh\u00f8r og tekstiler til dig, der godt kan lide den personlige indretning. Vi g\u00e5r ikke s\u00e6rlig meget op i m\u00e6rker hos os, vi kigger udelukkende p\u00e5 funktionalitet, kvalitet og personlighed i produktet. Derfor ser du ogs\u00e5, vi kun plukker det bedste fra vores leverand\u00f8rers sortiment. BOXdeLUX \u00e5bnede i marts 2005, og vi k\u00f8bte butikken i marts 2012.<\/p>\n<p><a href=\"http:\/\/www.boxdelux.dk\"><img loading=\"lazy\" decoding=\"async\" class=\"aligncenter wp-image-5824 size-full\" src=\"http:\/\/cubica.dk\/wp-content\/uploads\/2012\/03\/ipad_boxdelux.jpg\" alt=\"BOXdeLUX\" width=\"678\" height=\"484\" srcset=\"https:\/\/www.cubica.dk\/wp-content\/uploads\/2012\/03\/ipad_boxdelux.jpg 678w, https:\/\/www.cubica.dk\/wp-content\/uploads\/2012\/03\/ipad_boxdelux-300x214.jpg 300w\" sizes=\"auto, (max-width: 678px) 100vw, 678px\" \/><\/a><\/p>\n<p><span style=\"line-height: 1.5em;\">F\u00f8lg med i vores verden p\u00e5 <\/span><a style=\"line-height: 1.5em;\" href=\"http:\/\/instagram.com\/boxdeluxdk\">Instagram<\/a><\/p>\n<p>&nbsp;Her kan du se hvad der sker p\u00e5 vores side p\u00e5 <a href=\"https:\/\/www.facebook.com\/pages\/BOXdeLUX-Opbevaring-med-stil\/93254965538?fref=ts\">Facebook<\/a>.<br \/>\n<iframe loading=\"lazy\" style=\"border: none; overflow: hidden; width: 900px; height: 590px;\" src=\"\/\/www.facebook.com\/plugins\/likebox.php?href=https%3A%2F%2Fwww.facebook.com%2Fpages%2FBOXdeLUX-Opbevaring-med-stil%2F93254965538%3Ffref%3Dts&amp;width=900&amp;height=590&amp;show_faces=true&amp;colorscheme=light&amp;stream=true&amp;border_color&amp;header=true&amp;appId=156919434378000\" width=\"320\" height=\"240\" frameborder=\"0\" scrolling=\"no\"><\/iframe><\/p>\n","protected":false},"excerpt":{"rendered":"<p>BOXdeLUX.dk&nbsp;&nbsp;&#8211; Opbevaring med stil. BOXdeLUX er en konceptbutik med salg af opbevaring &#8211; kurve, kasser, \u00e6sker, d\u00e5ser osv. Konceptet er \u201cF\u00e5 mere styr p\u00e5 roderiet i hverdagen &#8211; og skab orden i kaos p\u00e5 den stilfulde m\u00e5de\u201d. Vi forhandler produkter fra leverand\u00f8rer i ind- og udland, og har ogs\u00e5 en lang r\u00e6kke egenudviklede produkter. Vi [&hellip;]<\/p>\n","protected":false},"author":1,"featured_media":0,"parent":0,"menu_order":3,"comment_status":"open","ping_status":"open","template":"","meta":{"om_disable_all_campaigns":false,"_monsterinsights_skip_tracking":false,"_monsterinsights_sitenote_active":false,"_monsterinsights_sitenote_note":"","_monsterinsights_sitenote_category":0,"ngg_post_thumbnail":0,"footnotes":""},"class_list":["post-793","page","type-page","status-publish","hentry"],"aioseo_notices":[],"_links":{"self":[{"href":"https:\/\/www.cubica.dk\/index.php?rest_route=\/wp\/v2\/pages\/793","targetHints":{"allow":["GET"]}}],"collection":[{"href":"https:\/\/www.cubica.dk\/index.php?rest_route=\/wp\/v2\/pages"}],"about":[{"href":"https:\/\/www.cubica.dk\/index.php?rest_route=\/wp\/v2\/types\/page"}],"author":[{"embeddable":true,"href":"https:\/\/www.cubica.dk\/index.php?rest_route=\/wp\/v2\/users\/1"}],"replies":[{"embeddable":true,"href":"https:\/\/www.cubica.dk\/index.php?rest_route=%2Fwp%2Fv2%2Fcomments&post=793"}],"version-history":[{"count":15,"href":"https:\/\/www.cubica.dk\/index.php?rest_route=\/wp\/v2\/pages\/793\/revisions"}],"predecessor-version":[{"id":6740,"href":"https:\/\/www.cubica.dk\/index.php?rest_route=\/wp\/v2\/pages\/793\/revisions\/6740"}],"wp:attachment":[{"href":"https:\/\/www.cubica.dk\/index.php?rest_route=%2Fwp%2Fv2%2Fmedia&parent=793"}],"curies":[{"name":"wp","href":"https:\/\/api.w.org\/{rel}","templated":true}]}}